{"id":4400,"date":"2021-10-12T15:51:09","date_gmt":"2021-10-12T15:51:09","guid":{"rendered":"http:\/\/dummy.xtemos.com\/woodmart2\/elementor\/?page_id=4400"},"modified":"2025-03-05T11:54:02","modified_gmt":"2025-03-05T11:54:02","slug":"hakkimizda","status":"publish","type":"page","link":"https:\/\/kemalcotton.com.tr\/en\/hakkimizda\/","title":{"rendered":"About Us"},"content":{"rendered":"<div data-elementor-type=\"wp-page\" data-elementor-id=\"4400\" class=\"elementor elementor-4400\" data-elementor-post-type=\"page\">\n\t\t\t\t\t\t<section class=\"elementor-section elementor-top-section elementor-element elementor-element-30f4b337 elementor-section-content-middle wd-section-stretch elementor-section-boxed elementor-section-height-default elementor-section-height-default\" data-id=\"30f4b337\" data-element_type=\"section\" data-settings=\"{&quot;background_background&quot;:&quot;classic&quot;}\">\n\t\t\t\t\t\t<div class=\"elementor-container elementor-column-gap-extended\">\n\t\t\t\t\t<div class=\"elementor-column elementor-col-33 elementor-top-column elementor-element elementor-element-709130a2\" data-id=\"709130a2\" data-element_type=\"column\">\n\t\t\t<div class=\"elementor-widget-wrap elementor-element-populated\">\n\t\t\t\t\t\t<div class=\"elementor-element elementor-element-de6816b elementor-widget elementor-widget-wd_title\" data-id=\"de6816b\" data-element_type=\"widget\" data-widget_type=\"wd_title.default\">\n\t\t\t\t<div class=\"elementor-widget-container\">\n\t\t\t\t\t\t\t<div class=\"title-wrapper set-mb-s reset-last-child wd-title-color-primary wd-title-style-default wd-title-size-large text-left\">\n\n\t\t\t\t\t\t\t<div class=\"title-subtitle subtitle-color-primary subtitle-style-default wd-fontsize-xs\">\n\t\t\t\t\tKemal Cotton\t\t\t\t<\/div>\n\t\t\t\n\t\t\t<div class=\"liner-continer\">\n\t\t\t\t<h4 class=\"woodmart-title-container title wd-fontsize-xxl\">Raw Material Supplier for Textile Industry<\/h4> \n\t\t\t\t\t\t\t<\/div>\n\n\t\t\t\t\t<\/div>\n\t\t\t\t\t\t<\/div>\n\t\t\t\t<\/div>\n\t\t\t\t\t<\/div>\n\t\t<\/div>\n\t\t\t\t<div class=\"elementor-column elementor-col-33 elementor-top-column elementor-element elementor-element-52737e3b\" data-id=\"52737e3b\" data-element_type=\"column\">\n\t\t\t<div class=\"elementor-widget-wrap elementor-element-populated\">\n\t\t\t\t\t\t<div class=\"elementor-element elementor-element-8e08c02 elementor-widget elementor-widget-wd_infobox\" data-id=\"8e08c02\" data-element_type=\"widget\" data-widget_type=\"wd_infobox.default\">\n\t\t\t\t<div class=\"elementor-widget-container\">\n\t\t\t\t\t\t\t<div class=\"info-box-wrapper\">\n\t\t\t<div class=\"wd-info-box text-left box-icon-align-top box-style-base color-scheme-\"  style=\"\">\n\t\t\t\t\n\t\t\t\t<div class=\"info-box-content\">\n\t\t\t\t\t\n\t\t\t\t\t\t\t\t\t\t\t<h4\t\t\t\t\t\tclass=\"info-box-title title box-title-style-default wd-fontsize-m\" data-elementor-setting-key=\"title\">\n\t\t\t\t\t\t\t\tHigh Quality\t\t\t\t\t\t<\/h4>\n\t\t\t\t\t\n\t\t\t\t\t<div class=\"info-box-inner set-cont-mb-s reset-last-child\"data-elementor-setting-key=\"content\"><p>We supply high quality cotton that meets the needs of life and industry in all areas.<\/p>\n<\/div>\n\t\n\t\t\t\t\t\t\t\t\t<\/div>\n\t\t\t<\/div>\n\t\t<\/div>\n\t\t\t\t\t\t<\/div>\n\t\t\t\t<\/div>\n\t\t\t\t\t<\/div>\n\t\t<\/div>\n\t\t\t\t<div class=\"elementor-column elementor-col-33 elementor-top-column elementor-element elementor-element-1c137d17\" data-id=\"1c137d17\" data-element_type=\"column\">\n\t\t\t<div class=\"elementor-widget-wrap elementor-element-populated\">\n\t\t\t\t\t\t<div class=\"elementor-element elementor-element-1be79bd5 elementor-widget elementor-widget-wd_infobox\" data-id=\"1be79bd5\" data-element_type=\"widget\" data-widget_type=\"wd_infobox.default\">\n\t\t\t\t<div class=\"elementor-widget-container\">\n\t\t\t\t\t\t\t<div class=\"info-box-wrapper\">\n\t\t\t<div class=\"wd-info-box text-left box-icon-align-top box-style-base color-scheme-\"  style=\"\">\n\t\t\t\t\n\t\t\t\t<div class=\"info-box-content\">\n\t\t\t\t\t\n\t\t\t\t\t\t\t\t\t\t\t<h4\t\t\t\t\t\tclass=\"info-box-title title box-title-style-default wd-fontsize-m\" data-elementor-setting-key=\"title\">\n\t\t\t\t\t\t\t\tSustainability for the World\t\t\t\t\t\t<\/h4>\n\t\t\t\t\t\n\t\t\t\t\t<div class=\"info-box-inner set-cont-mb-s reset-last-child\"data-elementor-setting-key=\"content\"><p>We respect nature and humanity. We produce sustainably and in accordance with the usual flow of nature.<\/p>\n<\/div>\n\t\n\t\t\t\t\t\t\t\t\t<\/div>\n\t\t\t<\/div>\n\t\t<\/div>\n\t\t\t\t\t\t<\/div>\n\t\t\t\t<\/div>\n\t\t\t\t\t<\/div>\n\t\t<\/div>\n\t\t\t\t\t<\/div>\n\t\t<\/section>\n\t\t\t\t<section class=\"elementor-section elementor-top-section elementor-element elementor-element-6da39a0 elementor-section-content-middle elementor-section-boxed elementor-section-height-default elementor-section-height-default wd-section-disabled\" data-id=\"6da39a0\" data-element_type=\"section\">\n\t\t\t\t\t\t<div class=\"elementor-container elementor-column-gap-wide\">\n\t\t\t\t\t<div class=\"elementor-column elementor-col-50 elementor-top-column elementor-element elementor-element-4daca541\" data-id=\"4daca541\" data-element_type=\"column\">\n\t\t\t<div class=\"elementor-widget-wrap elementor-element-populated\">\n\t\t\t\t\t\t<div class=\"elementor-element elementor-element-46a4bb77 elementor-widget elementor-widget-image\" data-id=\"46a4bb77\" data-element_type=\"widget\" data-widget_type=\"image.default\">\n\t\t\t\t<div class=\"elementor-widget-container\">\n\t\t\t\t\t\t\t\t\t\t\t\t\t\t\t<img decoding=\"async\" src=\"https:\/\/kemalcotton.com.tr\/wp-content\/uploads\/elementor\/thumbs\/Photoroom_20241217_185401-r2d749sya7obcxm7vg76ffshzp14284c9a9kq7m6iw.jpeg\" title=\"Photoroom_20241217_185401\" alt=\"Photoroom_20241217_185401\" loading=\"lazy\" \/>\t\t\t\t\t\t\t\t\t\t\t\t\t\t\t<\/div>\n\t\t\t\t<\/div>\n\t\t\t\t\t<\/div>\n\t\t<\/div>\n\t\t\t\t<div class=\"elementor-column elementor-col-50 elementor-top-column elementor-element elementor-element-3dbf0fe5\" data-id=\"3dbf0fe5\" data-element_type=\"column\">\n\t\t\t<div class=\"elementor-widget-wrap elementor-element-populated\">\n\t\t\t\t\t\t<div class=\"elementor-element elementor-element-4c89a906 elementor-widget elementor-widget-wd_title\" data-id=\"4c89a906\" data-element_type=\"widget\" data-widget_type=\"wd_title.default\">\n\t\t\t\t<div class=\"elementor-widget-container\">\n\t\t\t\t\t\t\t<div class=\"title-wrapper set-mb-s reset-last-child wd-title-color-default wd-title-style-default wd-title-size-default text-left\">\n\n\t\t\t\n\t\t\t<div class=\"liner-continer\">\n\t\t\t\t<h4 class=\"woodmart-title-container title wd-fontsize-l\">About Us<\/h4> \n\t\t\t\t\t\t\t<\/div>\n\n\t\t\t\t\t\t\t<div class=\"title-after_title set-cont-mb-s reset-last-child wd-fontsize-xs\">\n\t\t\t\t\t<p>Kemal Cotton Cotton is one of the most valuable raw materials offered by nature and we, as Kemal Cotton, make a difference in the sector with our reliable, sustainable and high quality service approach in the cotton and cotton waste trade.<\/p><p>\u00a0We specialise in the buying and selling of cotton and cotton waste, establishing strong collaborations in both local and international markets. Prioritising quality and trust, we offer our customers the best products with the most favourable conditions. Thanks to our innovative perspective and wide supply network, we produce fast and effective solutions to the needs of the sector. As Kemal Cotton, we do not only trade; we also act with the awareness of protecting nature. By adopting zero waste and recycling principles, we contribute to the efficient use of resources. With our environmentally friendly trade approach, we work for a sustainable future and we bear the responsibility of protecting the values offered to us by nature.<\/p><p>\u00a0Kemal Cotton is not just a trade mark; it is the address of reliable business partnerships, sustainable trade and environmentally friendly production. We are here to ensure that natural cotton is utilised in the best way, to leave a more livable world for future generations and to provide the highest quality service to our customers.<\/p>\t\t\t\t<\/div>\n\t\t\t\t\t<\/div>\n\t\t\t\t\t\t<\/div>\n\t\t\t\t<\/div>\n\t\t\t\t\t<\/div>\n\t\t<\/div>\n\t\t\t\t\t<\/div>\n\t\t<\/section>\n\t\t<div class=\"elementor-element elementor-element-6e8d964 e-flex e-con-boxed wd-section-disabled e-con e-parent\" data-id=\"6e8d964\" data-element_type=\"container\">\n\t\t\t\t\t<div class=\"e-con-inner\">\n\t\t<div class=\"elementor-element elementor-element-792cae1 e-con-full e-flex wd-section-disabled e-con e-child\" data-id=\"792cae1\" data-element_type=\"container\">\n\t\t\t\t<div class=\"elementor-element elementor-element-41231e4 elementor-widget elementor-widget-wd_infobox\" data-id=\"41231e4\" data-element_type=\"widget\" data-widget_type=\"wd_infobox.default\">\n\t\t\t\t<div class=\"elementor-widget-container\">\n\t\t\t\t\t\t\t<div class=\"info-box-wrapper\">\n\t\t\t<div class=\"wd-info-box text-left box-icon-align-top box-style-base color-scheme-\"  style=\"\">\n\t\t\t\t\n\t\t\t\t<div class=\"info-box-content\">\n\t\t\t\t\t\n\t\t\t\t\t\t\t\t\t\t\t<h4\t\t\t\t\t\tclass=\"info-box-title title box-title-style-default wd-fontsize-m\" data-elementor-setting-key=\"title\">\n\t\t\t\t\t\t\t\tOur Mission\t\t\t\t\t\t<\/h4>\n\t\t\t\t\t\n\t\t\t\t\t<div class=\"info-box-inner set-cont-mb-s reset-last-child\"data-elementor-setting-key=\"content\"><p>We aim to offer our customers the best products at the most favourable conditions by maintaining high quality standards in cotton and cotton waste trading. We support sustainable growth in the sector with our wide supply network and reliable business partnerships. By adopting zero waste and recycling principles, we act with an environmentally sensitive trade approach and contribute to the efficient use of natural resources.<\/p>\n<\/div>\n\t\n\t\t\t\t\t\t\t\t\t<\/div>\n\t\t\t<\/div>\n\t\t<\/div>\n\t\t\t\t\t\t<\/div>\n\t\t\t\t<\/div>\n\t\t\t\t<\/div>\n\t\t<div class=\"elementor-element elementor-element-a29bf36 e-con-full e-flex wd-section-disabled e-con e-child\" data-id=\"a29bf36\" data-element_type=\"container\">\n\t\t\t\t<div class=\"elementor-element elementor-element-216adeb elementor-widget elementor-widget-wd_infobox\" data-id=\"216adeb\" data-element_type=\"widget\" data-widget_type=\"wd_infobox.default\">\n\t\t\t\t<div class=\"elementor-widget-container\">\n\t\t\t\t\t\t\t<div class=\"info-box-wrapper\">\n\t\t\t<div class=\"wd-info-box text-left box-icon-align-top box-style-base color-scheme-\"  style=\"\">\n\t\t\t\t\n\t\t\t\t<div class=\"info-box-content\">\n\t\t\t\t\t\n\t\t\t\t\t\t\t\t\t\t\t<h4\t\t\t\t\t\tclass=\"info-box-title title box-title-style-default wd-fontsize-m\" data-elementor-setting-key=\"title\">\n\t\t\t\t\t\t\t\tOur Vision\t\t\t\t\t\t<\/h4>\n\t\t\t\t\t\n\t\t\t\t\t<div class=\"info-box-inner set-cont-mb-s reset-last-child\"data-elementor-setting-key=\"content\"><p>As Kemal Cotton, we aim to become a reliable, sustainable and pioneering brand in the cotton and cotton fibre trade on a global scale.<\/p>\n<p>With our zero waste and recycling-oriented trade approach, we aim to add value to nature and the future by offering environmentally friendly solutions to the textile industry.<\/p>\n<\/div>\n\t\n\t\t\t\t\t\t\t\t\t<\/div>\n\t\t\t<\/div>\n\t\t<\/div>\n\t\t\t\t\t\t<\/div>\n\t\t\t\t<\/div>\n\t\t\t\t<\/div>\n\t\t\t\t\t<\/div>\n\t\t\t\t<\/div>\n\t\t<div class=\"elementor-element elementor-element-a9cc623 wd-section-stretch e-flex e-con-boxed e-con e-parent\" data-id=\"a9cc623\" data-element_type=\"container\" data-settings=\"{&quot;background_background&quot;:&quot;classic&quot;}\">\n\t\t\t\t\t<div class=\"e-con-inner\">\n\t\t<div class=\"elementor-element elementor-element-664f5ee e-con-full e-flex wd-section-disabled e-con e-child\" data-id=\"664f5ee\" data-element_type=\"container\">\n\t\t\t\t<div class=\"elementor-element elementor-element-7d1f1a5 elementor-position-left elementor-vertical-align-top elementor-widget elementor-widget-image-box\" data-id=\"7d1f1a5\" data-element_type=\"widget\" data-widget_type=\"image-box.default\">\n\t\t\t\t<div class=\"elementor-widget-container\">\n\t\t\t\t\t<div class=\"elementor-image-box-wrapper\"><figure class=\"elementor-image-box-img\"><img fetchpriority=\"high\" decoding=\"async\" width=\"1080\" height=\"1080\" src=\"https:\/\/kemalcotton.com.tr\/wp-content\/uploads\/2025\/03\/Paragraf-metniniz-9.jpg\" class=\"attachment-full size-full wp-image-15711\" alt=\"\" srcset=\"https:\/\/kemalcotton.com.tr\/wp-content\/uploads\/2025\/03\/Paragraf-metniniz-9.jpg 1080w, https:\/\/kemalcotton.com.tr\/wp-content\/uploads\/2025\/03\/Paragraf-metniniz-9-300x300.jpg 300w, https:\/\/kemalcotton.com.tr\/wp-content\/uploads\/2025\/03\/Paragraf-metniniz-9-800x800.jpg 800w, https:\/\/kemalcotton.com.tr\/wp-content\/uploads\/2025\/03\/Paragraf-metniniz-9-150x150.jpg 150w, https:\/\/kemalcotton.com.tr\/wp-content\/uploads\/2025\/03\/Paragraf-metniniz-9-768x768.jpg 768w, https:\/\/kemalcotton.com.tr\/wp-content\/uploads\/2025\/03\/Paragraf-metniniz-9-860x860.jpg 860w, https:\/\/kemalcotton.com.tr\/wp-content\/uploads\/2025\/03\/Paragraf-metniniz-9-430x430.jpg 430w, https:\/\/kemalcotton.com.tr\/wp-content\/uploads\/2025\/03\/Paragraf-metniniz-9-700x700.jpg 700w\" sizes=\"(max-width: 1080px) 100vw, 1080px\" \/><\/figure><div class=\"elementor-image-box-content\"><h3 class=\"elementor-image-box-title\">Sustainability<\/h3><p class=\"elementor-image-box-description\">We adopt an environmentally sensitive production and trade approach for a sustainable future. We aim to use natural resources more efficiently by implementing zero waste and recycling principles in cotton and cotton waste trade.   This understanding contributes not only to the environment but also to the future of our business. Sustainability allows us to provide quality and reliable products to our customers and to set an example for other actors in the sector.<\/p><\/div><\/div>\t\t\t\t<\/div>\n\t\t\t\t<\/div>\n\t\t<div class=\"elementor-element elementor-element-072bdd4 e-con-full e-flex wd-section-disabled e-con e-child\" data-id=\"072bdd4\" data-element_type=\"container\">\n\t\t\t\t<div class=\"elementor-element elementor-element-bca6e7b elementor-position-left elementor-vertical-align-top elementor-widget elementor-widget-image-box\" data-id=\"bca6e7b\" data-element_type=\"widget\" data-widget_type=\"image-box.default\">\n\t\t\t\t<div class=\"elementor-widget-container\">\n\t\t\t\t\t<div class=\"elementor-image-box-wrapper\"><figure class=\"elementor-image-box-img\"><img decoding=\"async\" width=\"1080\" height=\"1080\" src=\"https:\/\/kemalcotton.com.tr\/wp-content\/uploads\/2025\/03\/Paragraf-metniniz-11.jpg\" class=\"attachment-full size-full wp-image-15713\" alt=\"\" srcset=\"https:\/\/kemalcotton.com.tr\/wp-content\/uploads\/2025\/03\/Paragraf-metniniz-11.jpg 1080w, https:\/\/kemalcotton.com.tr\/wp-content\/uploads\/2025\/03\/Paragraf-metniniz-11-300x300.jpg 300w, https:\/\/kemalcotton.com.tr\/wp-content\/uploads\/2025\/03\/Paragraf-metniniz-11-800x800.jpg 800w, https:\/\/kemalcotton.com.tr\/wp-content\/uploads\/2025\/03\/Paragraf-metniniz-11-150x150.jpg 150w, https:\/\/kemalcotton.com.tr\/wp-content\/uploads\/2025\/03\/Paragraf-metniniz-11-768x768.jpg 768w, https:\/\/kemalcotton.com.tr\/wp-content\/uploads\/2025\/03\/Paragraf-metniniz-11-860x860.jpg 860w, https:\/\/kemalcotton.com.tr\/wp-content\/uploads\/2025\/03\/Paragraf-metniniz-11-430x430.jpg 430w, https:\/\/kemalcotton.com.tr\/wp-content\/uploads\/2025\/03\/Paragraf-metniniz-11-700x700.jpg 700w\" sizes=\"(max-width: 1080px) 100vw, 1080px\" \/><\/figure><div class=\"elementor-image-box-content\"><h3 class=\"elementor-image-box-title\">Quality<\/h3><p class=\"elementor-image-box-description\">High quality is at the centre not only of our products but also of all our service processes. In the cotton and cotton waste trade, we always aim to offer the highest quality products to our customers at the most favourable conditions. Quality allows us to maximise customer satisfaction and increases our competitiveness in the sector.<\/p><\/div><\/div>\t\t\t\t<\/div>\n\t\t\t\t<\/div>\n\t\t\t\t<\/div>\n\t\t\t\t<\/div>\n\t\t<div class=\"elementor-element elementor-element-00dabf9 e-con-full e-flex wd-section-disabled e-con e-child\" data-id=\"00dabf9\" data-element_type=\"container\">\n\t\t\t\t<div class=\"elementor-element elementor-element-a772399 elementor-position-left elementor-vertical-align-top elementor-widget elementor-widget-image-box\" data-id=\"a772399\" data-element_type=\"widget\" data-widget_type=\"image-box.default\">\n\t\t\t\t<div class=\"elementor-widget-container\">\n\t\t\t\t\t<div class=\"elementor-image-box-wrapper\"><figure class=\"elementor-image-box-img\"><img decoding=\"async\" width=\"1080\" height=\"1080\" src=\"https:\/\/kemalcotton.com.tr\/wp-content\/uploads\/2025\/03\/Paragraf-metniniz-10.jpg\" class=\"attachment-full size-full wp-image-15712\" alt=\"\" srcset=\"https:\/\/kemalcotton.com.tr\/wp-content\/uploads\/2025\/03\/Paragraf-metniniz-10.jpg 1080w, https:\/\/kemalcotton.com.tr\/wp-content\/uploads\/2025\/03\/Paragraf-metniniz-10-300x300.jpg 300w, https:\/\/kemalcotton.com.tr\/wp-content\/uploads\/2025\/03\/Paragraf-metniniz-10-800x800.jpg 800w, https:\/\/kemalcotton.com.tr\/wp-content\/uploads\/2025\/03\/Paragraf-metniniz-10-150x150.jpg 150w, https:\/\/kemalcotton.com.tr\/wp-content\/uploads\/2025\/03\/Paragraf-metniniz-10-768x768.jpg 768w, https:\/\/kemalcotton.com.tr\/wp-content\/uploads\/2025\/03\/Paragraf-metniniz-10-860x860.jpg 860w, https:\/\/kemalcotton.com.tr\/wp-content\/uploads\/2025\/03\/Paragraf-metniniz-10-430x430.jpg 430w, https:\/\/kemalcotton.com.tr\/wp-content\/uploads\/2025\/03\/Paragraf-metniniz-10-700x700.jpg 700w\" sizes=\"(max-width: 1080px) 100vw, 1080px\" \/><\/figure><div class=\"elementor-image-box-content\"><h3 class=\"elementor-image-box-title\">Reliability<\/h3><p class=\"elementor-image-box-description\">We adopt an environmentally sensitive production and trade approach for a sustainable future. We aim to use natural resources more efficiently by implementing zero waste and recycling principles in cotton and cotton waste trade. This understanding contributes not only to the environment but also to the future of our business. Sustainability allows us to provide quality and reliable products to our customers and to set an example for other actors in the sector.<\/p><\/div><\/div>\t\t\t\t<\/div>\n\t\t\t\t<\/div>\n\t\t<div class=\"elementor-element elementor-element-afb52c2 e-con-full e-flex wd-section-disabled e-con e-child\" data-id=\"afb52c2\" data-element_type=\"container\">\n\t\t\t\t<div class=\"elementor-element elementor-element-c9fdb1b elementor-position-left elementor-vertical-align-top elementor-widget elementor-widget-image-box\" data-id=\"c9fdb1b\" data-element_type=\"widget\" data-widget_type=\"image-box.default\">\n\t\t\t\t<div class=\"elementor-widget-container\">\n\t\t\t\t\t<div class=\"elementor-image-box-wrapper\"><figure class=\"elementor-image-box-img\"><img loading=\"lazy\" decoding=\"async\" width=\"1080\" height=\"1080\" src=\"https:\/\/kemalcotton.com.tr\/wp-content\/uploads\/2025\/03\/Paragraf-metniniz-12.jpg\" class=\"attachment-full size-full wp-image-15714\" alt=\"\" srcset=\"https:\/\/kemalcotton.com.tr\/wp-content\/uploads\/2025\/03\/Paragraf-metniniz-12.jpg 1080w, https:\/\/kemalcotton.com.tr\/wp-content\/uploads\/2025\/03\/Paragraf-metniniz-12-300x300.jpg 300w, https:\/\/kemalcotton.com.tr\/wp-content\/uploads\/2025\/03\/Paragraf-metniniz-12-800x800.jpg 800w, https:\/\/kemalcotton.com.tr\/wp-content\/uploads\/2025\/03\/Paragraf-metniniz-12-150x150.jpg 150w, https:\/\/kemalcotton.com.tr\/wp-content\/uploads\/2025\/03\/Paragraf-metniniz-12-768x768.jpg 768w, https:\/\/kemalcotton.com.tr\/wp-content\/uploads\/2025\/03\/Paragraf-metniniz-12-860x860.jpg 860w, https:\/\/kemalcotton.com.tr\/wp-content\/uploads\/2025\/03\/Paragraf-metniniz-12-430x430.jpg 430w, https:\/\/kemalcotton.com.tr\/wp-content\/uploads\/2025\/03\/Paragraf-metniniz-12-700x700.jpg 700w\" sizes=\"(max-width: 1080px) 100vw, 1080px\" \/><\/figure><div class=\"elementor-image-box-content\"><h3 class=\"elementor-image-box-title\">Innovation and Innovativeness<\/h3><p class=\"elementor-image-box-description\">We are in search of continuous development and innovative solutions. We optimise our business processes with new technologies and trading methods and offer more efficient and contemporary services to our customers by following the latest trends in the sector. Innovation not only gives us a competitive advantage in the sector, but also allows us to produce more environmentally sensitive and effective solutions.<\/p><\/div><\/div>\t\t\t\t<\/div>\n\t\t\t\t<\/div>\n\t\t\t\t<\/div>\n\t\t\t\t<\/div>\n\t\t\t\t\t<\/div>\n\t\t\t\t<\/div>\n\t\t\t\t<\/div>","protected":false},"excerpt":{"rendered":"<p>Kemal Cotton Tekstil End\u00fcstrisi \u0130\u00e7in Hammadde Tedarik\u00e7isi Y\u00fcksek Kalite Ya\u015fam\u0131n ve end\u00fcstrinin her alanda ihtiya\u00e7lar\u0131n\u0131 kar\u015f\u0131layan y\u00fcksek kaliteli pamuk tedari\u011fi<\/p>","protected":false},"author":1,"featured_media":0,"parent":0,"menu_order":0,"comment_status":"closed","ping_status":"closed","template":"","meta":{"footnotes":""},"class_list":["post-4400","page","type-page","status-publish","hentry"],"_links":{"self":[{"href":"https:\/\/kemalcotton.com.tr\/en\/wp-json\/wp\/v2\/pages\/4400","targetHints":{"allow":["GET"]}}],"collection":[{"href":"https:\/\/kemalcotton.com.tr\/en\/wp-json\/wp\/v2\/pages"}],"about":[{"href":"https:\/\/kemalcotton.com.tr\/en\/wp-json\/wp\/v2\/types\/page"}],"author":[{"embeddable":true,"href":"https:\/\/kemalcotton.com.tr\/en\/wp-json\/wp\/v2\/users\/1"}],"replies":[{"embeddable":true,"href":"https:\/\/kemalcotton.com.tr\/en\/wp-json\/wp\/v2\/comments?post=4400"}],"version-history":[{"count":31,"href":"https:\/\/kemalcotton.com.tr\/en\/wp-json\/wp\/v2\/pages\/4400\/revisions"}],"predecessor-version":[{"id":15926,"href":"https:\/\/kemalcotton.com.tr\/en\/wp-json\/wp\/v2\/pages\/4400\/revisions\/15926"}],"wp:attachment":[{"href":"https:\/\/kemalcotton.com.tr\/en\/wp-json\/wp\/v2\/media?parent=4400"}],"curies":[{"name":"wp","href":"https:\/\/api.w.org\/{rel}","templated":true}]}}