{"id":15912,"date":"2025-03-04T19:02:11","date_gmt":"2025-03-04T19:02:11","guid":{"rendered":"https:\/\/kemalcotton.com.tr\/?page_id=15912"},"modified":"2025-03-04T19:08:04","modified_gmt":"2025-03-04T19:08:04","slug":"degerlerimiz","status":"publish","type":"page","link":"https:\/\/kemalcotton.com.tr\/en\/degerlerimiz\/","title":{"rendered":"Our Values"},"content":{"rendered":"<div data-elementor-type=\"wp-page\" data-elementor-id=\"15912\" class=\"elementor elementor-15912\" data-elementor-post-type=\"page\">\n\t\t\t\t<div class=\"elementor-element elementor-element-2a05a35 wd-section-stretch e-flex e-con-boxed e-con e-parent\" data-id=\"2a05a35\" data-element_type=\"container\" data-settings=\"{&quot;background_background&quot;:&quot;classic&quot;}\">\n\t\t\t\t\t<div class=\"e-con-inner\">\n\t\t<div class=\"elementor-element elementor-element-1d73615 e-con-full e-flex wd-section-disabled e-con e-child\" data-id=\"1d73615\" data-element_type=\"container\">\n\t\t\t\t<div class=\"elementor-element elementor-element-9cbaef5 elementor-position-left elementor-vertical-align-top elementor-widget elementor-widget-image-box\" data-id=\"9cbaef5\" data-element_type=\"widget\" data-widget_type=\"image-box.default\">\n\t\t\t\t<div class=\"elementor-widget-container\">\n\t\t\t\t\t<div class=\"elementor-image-box-wrapper\"><figure class=\"elementor-image-box-img\"><img fetchpriority=\"high\" decoding=\"async\" width=\"1080\" height=\"1080\" src=\"https:\/\/kemalcotton.com.tr\/wp-content\/uploads\/2025\/03\/Paragraf-metniniz-9.jpg\" class=\"attachment-full size-full wp-image-15711\" alt=\"\" srcset=\"https:\/\/kemalcotton.com.tr\/wp-content\/uploads\/2025\/03\/Paragraf-metniniz-9.jpg 1080w, https:\/\/kemalcotton.com.tr\/wp-content\/uploads\/2025\/03\/Paragraf-metniniz-9-300x300.jpg 300w, https:\/\/kemalcotton.com.tr\/wp-content\/uploads\/2025\/03\/Paragraf-metniniz-9-800x800.jpg 800w, https:\/\/kemalcotton.com.tr\/wp-content\/uploads\/2025\/03\/Paragraf-metniniz-9-150x150.jpg 150w, https:\/\/kemalcotton.com.tr\/wp-content\/uploads\/2025\/03\/Paragraf-metniniz-9-768x768.jpg 768w, https:\/\/kemalcotton.com.tr\/wp-content\/uploads\/2025\/03\/Paragraf-metniniz-9-860x860.jpg 860w, https:\/\/kemalcotton.com.tr\/wp-content\/uploads\/2025\/03\/Paragraf-metniniz-9-430x430.jpg 430w, https:\/\/kemalcotton.com.tr\/wp-content\/uploads\/2025\/03\/Paragraf-metniniz-9-700x700.jpg 700w\" sizes=\"(max-width: 1080px) 100vw, 1080px\" \/><\/figure><div class=\"elementor-image-box-content\"><h3 class=\"elementor-image-box-title\">Sustainability<\/h3><p class=\"elementor-image-box-description\">We adopt an environmentally sensitive production and trade approach for a sustainable future. We aim to use natural resources more efficiently by implementing zero waste and recycling principles in cotton and cotton waste trade.   This understanding contributes not only to the environment but also to the future of our business. Sustainability allows us to provide quality and reliable products to our customers and to set an example for other actors in the sector.<\/p><\/div><\/div>\t\t\t\t<\/div>\n\t\t\t\t<\/div>\n\t\t<div class=\"elementor-element elementor-element-e223b2c e-con-full e-flex wd-section-disabled e-con e-child\" data-id=\"e223b2c\" data-element_type=\"container\">\n\t\t\t\t<div class=\"elementor-element elementor-element-dc5da74 elementor-position-left elementor-vertical-align-top elementor-widget elementor-widget-image-box\" data-id=\"dc5da74\" data-element_type=\"widget\" data-widget_type=\"image-box.default\">\n\t\t\t\t<div class=\"elementor-widget-container\">\n\t\t\t\t\t<div class=\"elementor-image-box-wrapper\"><figure class=\"elementor-image-box-img\"><img decoding=\"async\" width=\"1080\" height=\"1080\" src=\"https:\/\/kemalcotton.com.tr\/wp-content\/uploads\/2025\/03\/Paragraf-metniniz-11.jpg\" class=\"attachment-full size-full wp-image-15713\" alt=\"\" srcset=\"https:\/\/kemalcotton.com.tr\/wp-content\/uploads\/2025\/03\/Paragraf-metniniz-11.jpg 1080w, https:\/\/kemalcotton.com.tr\/wp-content\/uploads\/2025\/03\/Paragraf-metniniz-11-300x300.jpg 300w, https:\/\/kemalcotton.com.tr\/wp-content\/uploads\/2025\/03\/Paragraf-metniniz-11-800x800.jpg 800w, https:\/\/kemalcotton.com.tr\/wp-content\/uploads\/2025\/03\/Paragraf-metniniz-11-150x150.jpg 150w, https:\/\/kemalcotton.com.tr\/wp-content\/uploads\/2025\/03\/Paragraf-metniniz-11-768x768.jpg 768w, https:\/\/kemalcotton.com.tr\/wp-content\/uploads\/2025\/03\/Paragraf-metniniz-11-860x860.jpg 860w, https:\/\/kemalcotton.com.tr\/wp-content\/uploads\/2025\/03\/Paragraf-metniniz-11-430x430.jpg 430w, https:\/\/kemalcotton.com.tr\/wp-content\/uploads\/2025\/03\/Paragraf-metniniz-11-700x700.jpg 700w\" sizes=\"(max-width: 1080px) 100vw, 1080px\" \/><\/figure><div class=\"elementor-image-box-content\"><h3 class=\"elementor-image-box-title\">Quality<\/h3><p class=\"elementor-image-box-description\">High quality is at the centre not only of our products but also of all our service processes. In the cotton and cotton waste trade, we always aim to offer the highest quality products to our customers at the most favourable conditions. Quality allows us to maximise customer satisfaction and increases our competitiveness in the sector.<\/p><\/div><\/div>\t\t\t\t<\/div>\n\t\t\t\t<\/div>\n\t\t\t\t<\/div>\n\t\t\t\t<\/div>\n\t\t<div class=\"elementor-element elementor-element-95e4655 e-con-full e-flex wd-section-disabled e-con e-child\" data-id=\"95e4655\" data-element_type=\"container\">\n\t\t\t\t<div class=\"elementor-element elementor-element-31f5baf elementor-position-left elementor-vertical-align-top elementor-widget elementor-widget-image-box\" data-id=\"31f5baf\" data-element_type=\"widget\" data-widget_type=\"image-box.default\">\n\t\t\t\t<div class=\"elementor-widget-container\">\n\t\t\t\t\t<div class=\"elementor-image-box-wrapper\"><figure class=\"elementor-image-box-img\"><img decoding=\"async\" width=\"1080\" height=\"1080\" src=\"https:\/\/kemalcotton.com.tr\/wp-content\/uploads\/2025\/03\/Paragraf-metniniz-10.jpg\" class=\"attachment-full size-full wp-image-15712\" alt=\"\" srcset=\"https:\/\/kemalcotton.com.tr\/wp-content\/uploads\/2025\/03\/Paragraf-metniniz-10.jpg 1080w, https:\/\/kemalcotton.com.tr\/wp-content\/uploads\/2025\/03\/Paragraf-metniniz-10-300x300.jpg 300w, https:\/\/kemalcotton.com.tr\/wp-content\/uploads\/2025\/03\/Paragraf-metniniz-10-800x800.jpg 800w, https:\/\/kemalcotton.com.tr\/wp-content\/uploads\/2025\/03\/Paragraf-metniniz-10-150x150.jpg 150w, https:\/\/kemalcotton.com.tr\/wp-content\/uploads\/2025\/03\/Paragraf-metniniz-10-768x768.jpg 768w, https:\/\/kemalcotton.com.tr\/wp-content\/uploads\/2025\/03\/Paragraf-metniniz-10-860x860.jpg 860w, https:\/\/kemalcotton.com.tr\/wp-content\/uploads\/2025\/03\/Paragraf-metniniz-10-430x430.jpg 430w, https:\/\/kemalcotton.com.tr\/wp-content\/uploads\/2025\/03\/Paragraf-metniniz-10-700x700.jpg 700w\" sizes=\"(max-width: 1080px) 100vw, 1080px\" \/><\/figure><div class=\"elementor-image-box-content\"><h3 class=\"elementor-image-box-title\">Reliability<\/h3><p class=\"elementor-image-box-description\">We adopt an environmentally sensitive production and trade approach for a sustainable future. We aim to use natural resources more efficiently by implementing zero waste and recycling principles in cotton and cotton waste trade. This understanding contributes not only to the environment but also to the future of our business. Sustainability allows us to provide quality and reliable products to our customers and to set an example for other actors in the sector.<\/p><\/div><\/div>\t\t\t\t<\/div>\n\t\t\t\t<\/div>\n\t\t<div class=\"elementor-element elementor-element-5b02e1f e-con-full e-flex wd-section-disabled e-con e-child\" data-id=\"5b02e1f\" data-element_type=\"container\">\n\t\t\t\t<div class=\"elementor-element elementor-element-1e839ae elementor-position-left elementor-vertical-align-top elementor-widget elementor-widget-image-box\" data-id=\"1e839ae\" data-element_type=\"widget\" data-widget_type=\"image-box.default\">\n\t\t\t\t<div class=\"elementor-widget-container\">\n\t\t\t\t\t<div class=\"elementor-image-box-wrapper\"><figure class=\"elementor-image-box-img\"><img loading=\"lazy\" decoding=\"async\" width=\"1080\" height=\"1080\" src=\"https:\/\/kemalcotton.com.tr\/wp-content\/uploads\/2025\/03\/Paragraf-metniniz-12.jpg\" class=\"attachment-full size-full wp-image-15714\" alt=\"\" srcset=\"https:\/\/kemalcotton.com.tr\/wp-content\/uploads\/2025\/03\/Paragraf-metniniz-12.jpg 1080w, https:\/\/kemalcotton.com.tr\/wp-content\/uploads\/2025\/03\/Paragraf-metniniz-12-300x300.jpg 300w, https:\/\/kemalcotton.com.tr\/wp-content\/uploads\/2025\/03\/Paragraf-metniniz-12-800x800.jpg 800w, https:\/\/kemalcotton.com.tr\/wp-content\/uploads\/2025\/03\/Paragraf-metniniz-12-150x150.jpg 150w, https:\/\/kemalcotton.com.tr\/wp-content\/uploads\/2025\/03\/Paragraf-metniniz-12-768x768.jpg 768w, https:\/\/kemalcotton.com.tr\/wp-content\/uploads\/2025\/03\/Paragraf-metniniz-12-860x860.jpg 860w, https:\/\/kemalcotton.com.tr\/wp-content\/uploads\/2025\/03\/Paragraf-metniniz-12-430x430.jpg 430w, https:\/\/kemalcotton.com.tr\/wp-content\/uploads\/2025\/03\/Paragraf-metniniz-12-700x700.jpg 700w\" sizes=\"(max-width: 1080px) 100vw, 1080px\" \/><\/figure><div class=\"elementor-image-box-content\"><h3 class=\"elementor-image-box-title\">Innovation and Innovativeness<\/h3><p class=\"elementor-image-box-description\">We are in search of continuous development and innovative solutions. We optimise our business processes with new technologies and trading methods and offer more efficient and contemporary services to our customers by following the latest trends in the sector. Innovation not only gives us a competitive advantage in the sector, but also allows us to produce more environmentally sensitive and effective solutions.<\/p><\/div><\/div>\t\t\t\t<\/div>\n\t\t\t\t<\/div>\n\t\t\t\t<\/div>\n\t\t\t\t<\/div>\n\t\t\t\t\t<\/div>\n\t\t\t\t<\/div>\n\t\t\t\t<\/div>","protected":false},"excerpt":{"rendered":"<p>S\u00fcrd\u00fcr\u00fclebilirlik S\u00fcrd\u00fcr\u00fclebilir bir gelecek i\u00e7in \u00e7evreye duyarl\u0131 \u00fcretim ve ticaret anlay\u0131\u015f\u0131n\u0131 benimsiyoruz. Pamuk ve pamuk telefi ticaretinde s\u0131f\u0131r at\u0131k ve<\/p>","protected":false},"author":3,"featured_media":0,"parent":0,"menu_order":0,"comment_status":"closed","ping_status":"closed","template":"","meta":{"footnotes":""},"class_list":["post-15912","page","type-page","status-publish","hentry"],"_links":{"self":[{"href":"https:\/\/kemalcotton.com.tr\/en\/wp-json\/wp\/v2\/pages\/15912","targetHints":{"allow":["GET"]}}],"collection":[{"href":"https:\/\/kemalcotton.com.tr\/en\/wp-json\/wp\/v2\/pages"}],"about":[{"href":"https:\/\/kemalcotton.com.tr\/en\/wp-json\/wp\/v2\/types\/page"}],"author":[{"embeddable":true,"href":"https:\/\/kemalcotton.com.tr\/en\/wp-json\/wp\/v2\/users\/3"}],"replies":[{"embeddable":true,"href":"https:\/\/kemalcotton.com.tr\/en\/wp-json\/wp\/v2\/comments?post=15912"}],"version-history":[{"count":5,"href":"https:\/\/kemalcotton.com.tr\/en\/wp-json\/wp\/v2\/pages\/15912\/revisions"}],"predecessor-version":[{"id":15919,"href":"https:\/\/kemalcotton.com.tr\/en\/wp-json\/wp\/v2\/pages\/15912\/revisions\/15919"}],"wp:attachment":[{"href":"https:\/\/kemalcotton.com.tr\/en\/wp-json\/wp\/v2\/media?parent=15912"}],"curies":[{"name":"wp","href":"https:\/\/api.w.org\/{rel}","templated":true}]}}