{"id":15759,"date":"2025-03-04T14:50:49","date_gmt":"2025-03-04T14:50:49","guid":{"rendered":"http:\/\/kemalcotton.com.tr\/?post_type=product&#038;p=15759"},"modified":"2025-03-05T12:40:32","modified_gmt":"2025-03-05T12:40:32","slug":"meydan-telefi","status":"publish","type":"product","link":"https:\/\/kemalcotton.com.tr\/de\/produkt\/meydan-telefi\/","title":{"rendered":"Quadratische Kompensation"},"content":{"rendered":"","protected":false},"excerpt":{"rendered":"<div dir=\"auto\">\n<p data-start=\"67\" data-end=\"507\">Square Waste ist ein Recyclingprodukt, das durch die Wiederverwertung von Abf\u00e4llen wie Fasern und Garn aus der Baumwollverarbeitung gewonnen wird. Ein gewisser Faserverlust tritt in jeder Phase der Baumwollproduktion auf, insbesondere beim K\u00e4mmen, Reinigen und Spinnen. Um zu verhindern, dass diese Verluste verschwendet werden, und um eine nachhaltige Produktion zu unterst\u00fctzen, werden die quadratischen Abf\u00e4lle wieder in die Mischung eingebracht und wiederverwendbar gemacht.<\/p>\n<p data-start=\"509\" data-end=\"1001\">In baumwollverarbeitenden Betrieben ist es von gro\u00dfer Bedeutung, die Fasern so effizient wie m\u00f6glich zu verwerten. Dank des Gehalts an Baumwollfasern k\u00f6nnen quadratische Abf\u00e4lle vor allem in der Garnproduktion als Rohmaterial verwendet werden. Dieses Recyclingmaterial kann nach bestimmten Prozessen bei der Herstellung von neuem Garn oder bei der Produktion von gewebten und nicht gewebten Stoffen verwendet werden. Auf diese Weise wird sowohl ein Beitrag zum Schutz der nat\u00fcrlichen Ressourcen geleistet als auch die wirtschaftliche Effizienz durch Senkung der Produktionskosten erh\u00f6ht.<\/p>\n<p data-start=\"1003\" data-end=\"1286\">Dar\u00fcber hinaus sind quadratische Abf\u00e4lle eine wichtige Rohstoffquelle f\u00fcr den Recyclingsektor. Da die Nachhaltigkeit in der Textilindustrie zunehmend an Bedeutung gewinnt, verbessert die effiziente Nutzung solcher Nebenprodukte die Abfallwirtschaft, indem sie die Umweltauswirkungen reduziert.<\/p>\n<p data-start=\"1288\" data-end=\"1511\" data-is-last-node=\"\" data-is-only-node=\"\">Quadratische Abf\u00e4lle sind ein wichtiges Element, das die Wiederverwendbarkeit erh\u00f6ht, indem es die Qualit\u00e4t bei der Herstellung von Baumwollprodukten erh\u00e4lt. Es bietet wirtschaftliche und \u00f6kologische Vorteile f\u00fcr Hersteller und Unternehmen, die eine umweltfreundliche Produktion betreiben.<\/p>\n<\/div>","protected":false},"featured_media":15757,"comment_status":"open","ping_status":"closed","template":"","meta":[],"product_brand":[],"product_cat":[20],"product_tag":[],"class_list":{"0":"post-15759","1":"product","2":"type-product","3":"status-publish","4":"has-post-thumbnail","6":"product_cat-telefiler","8":"first","9":"instock","10":"shipping-taxable","11":"product-type-simple"},"_links":{"self":[{"href":"https:\/\/kemalcotton.com.tr\/de\/wp-json\/wp\/v2\/product\/15759","targetHints":{"allow":["GET"]}}],"collection":[{"href":"https:\/\/kemalcotton.com.tr\/de\/wp-json\/wp\/v2\/product"}],"about":[{"href":"https:\/\/kemalcotton.com.tr\/de\/wp-json\/wp\/v2\/types\/product"}],"replies":[{"embeddable":true,"href":"https:\/\/kemalcotton.com.tr\/de\/wp-json\/wp\/v2\/comments?post=15759"}],"version-history":[{"count":4,"href":"https:\/\/kemalcotton.com.tr\/de\/wp-json\/wp\/v2\/product\/15759\/revisions"}],"predecessor-version":[{"id":15783,"href":"https:\/\/kemalcotton.com.tr\/de\/wp-json\/wp\/v2\/product\/15759\/revisions\/15783"}],"wp:featuredmedia":[{"embeddable":true,"href":"https:\/\/kemalcotton.com.tr\/de\/wp-json\/wp\/v2\/media\/15757"}],"wp:attachment":[{"href":"https:\/\/kemalcotton.com.tr\/de\/wp-json\/wp\/v2\/media?parent=15759"}],"wp:term":[{"taxonomy":"product_brand","embeddable":true,"href":"https:\/\/kemalcotton.com.tr\/de\/wp-json\/wp\/v2\/product_brand?post=15759"},{"taxonomy":"product_cat","embeddable":true,"href":"https:\/\/kemalcotton.com.tr\/de\/wp-json\/wp\/v2\/product_cat?post=15759"},{"taxonomy":"product_tag","embeddable":true,"href":"https:\/\/kemalcotton.com.tr\/de\/wp-json\/wp\/v2\/product_tag?post=15759"}],"curies":[{"name":"wp","href":"https:\/\/api.w.org\/{rel}","templated":true}]}}