{"id":15747,"date":"2025-03-04T14:47:46","date_gmt":"2025-03-04T14:47:46","guid":{"rendered":"http:\/\/kemalcotton.com.tr\/?post_type=product&#038;p=15747"},"modified":"2025-03-05T12:42:33","modified_gmt":"2025-03-05T12:42:33","slug":"ustubu-telefi","status":"publish","type":"product","link":"https:\/\/kemalcotton.com.tr\/de\/produkt\/ustubu-telefi\/","title":{"rendered":"Oberrohr Kompensation"},"content":{"rendered":"","protected":false},"excerpt":{"rendered":"<p data-start=\"59\" data-end=\"468\">Der Overcasting-Abfall ist eine Art von Textilabfall, der bei der Reinigung und Wartung der Maschinen w\u00e4hrend der Produktionsprozesse in Spinnereien entsteht. Die Garnfragmente, Baumwollfasern und Staubreste, die sich auf den Maschinenoberfl\u00e4chen ansammeln, werden als Abf\u00e4lle bezeichnet. Obwohl dieses Restmaterial nicht direkt f\u00fcr die Produktion von hochwertigem Garn verwendet werden kann, kann es in vielen verschiedenen Bereichen recycelt werden.<\/p>\n<p data-start=\"470\" data-end=\"898\">Toppings, das als Reinigungstuch im Industriesektor weit verbreitet ist, ist dank seiner strapazierf\u00e4higen und saugf\u00e4higen Struktur eine effektive L\u00f6sung insbesondere f\u00fcr die Reinigung von Maschinen. Es ist ein ideales Material f\u00fcr die Reinigung von \u00d6l, Staub und anderem Schmutz in Fabrikumgebungen und wird auch f\u00fcr Reinigungszwecke in verschiedenen Sektoren verwendet. Es kann auch als F\u00fcllmaterial in der M\u00f6bel-, Polster- und Verpackungsbranche bevorzugt werden.<\/p>\n<p data-start=\"900\" data-end=\"1216\">Die Umwicklungsabf\u00e4lle k\u00f6nnen als Rohstoff f\u00fcr die Produktion von Garnen niedriger Qualit\u00e4t verwendet werden und tragen somit zur Abfallwirtschaft bei. Da der Ansatz der nachhaltigen Produktion in der Textilindustrie immer mehr an Bedeutung gewinnt, bietet die Nutzung solcher Abf\u00e4lle sowohl eine geringere Umweltbelastung als auch wirtschaftliche Vorteile.<\/p>\n<p data-start=\"1218\" data-end=\"1529\" data-is-last-node=\"\" data-is-only-node=\"\">Mit seiner f\u00fcr Recyclingprozesse geeigneten Struktur ist Toppings Abfall ein umweltfreundliches Material, das dazu beitr\u00e4gt, Textilabf\u00e4lle zu reduzieren. Diese Art von Abf\u00e4llen, die in verschiedenen Bereichen wie der Industrie, der Reinigung und der Herstellung von F\u00fcllmaterial verwendet wird, tr\u00e4gt zur effizienten Nutzung von Abf\u00e4llen in Produktionsprozessen bei.<\/p>","protected":false},"featured_media":15742,"comment_status":"open","ping_status":"closed","template":"","meta":[],"product_brand":[],"product_cat":[20],"product_tag":[],"class_list":{"0":"post-15747","1":"product","2":"type-product","3":"status-publish","4":"has-post-thumbnail","6":"product_cat-telefiler","8":"first","9":"instock","10":"shipping-taxable","11":"product-type-simple"},"_links":{"self":[{"href":"https:\/\/kemalcotton.com.tr\/de\/wp-json\/wp\/v2\/product\/15747","targetHints":{"allow":["GET"]}}],"collection":[{"href":"https:\/\/kemalcotton.com.tr\/de\/wp-json\/wp\/v2\/product"}],"about":[{"href":"https:\/\/kemalcotton.com.tr\/de\/wp-json\/wp\/v2\/types\/product"}],"replies":[{"embeddable":true,"href":"https:\/\/kemalcotton.com.tr\/de\/wp-json\/wp\/v2\/comments?post=15747"}],"version-history":[{"count":3,"href":"https:\/\/kemalcotton.com.tr\/de\/wp-json\/wp\/v2\/product\/15747\/revisions"}],"predecessor-version":[{"id":15787,"href":"https:\/\/kemalcotton.com.tr\/de\/wp-json\/wp\/v2\/product\/15747\/revisions\/15787"}],"wp:featuredmedia":[{"embeddable":true,"href":"https:\/\/kemalcotton.com.tr\/de\/wp-json\/wp\/v2\/media\/15742"}],"wp:attachment":[{"href":"https:\/\/kemalcotton.com.tr\/de\/wp-json\/wp\/v2\/media?parent=15747"}],"wp:term":[{"taxonomy":"product_brand","embeddable":true,"href":"https:\/\/kemalcotton.com.tr\/de\/wp-json\/wp\/v2\/product_brand?post=15747"},{"taxonomy":"product_cat","embeddable":true,"href":"https:\/\/kemalcotton.com.tr\/de\/wp-json\/wp\/v2\/product_cat?post=15747"},{"taxonomy":"product_tag","embeddable":true,"href":"https:\/\/kemalcotton.com.tr\/de\/wp-json\/wp\/v2\/product_tag?post=15747"}],"curies":[{"name":"wp","href":"https:\/\/api.w.org\/{rel}","templated":true}]}}