{"id":15744,"date":"2025-03-04T14:47:15","date_gmt":"2025-03-04T14:47:15","guid":{"rendered":"http:\/\/kemalcotton.com.tr\/?post_type=product&#038;p=15744"},"modified":"2025-03-04T15:13:48","modified_gmt":"2025-03-04T15:13:48","slug":"hallac-telefi","status":"publish","type":"product","link":"https:\/\/kemalcotton.com.tr\/de\/produkt\/hallac-telefi\/","title":{"rendered":"Abf\u00e4lle aus der Zellstofffabrik"},"content":{"rendered":"","protected":false},"excerpt":{"rendered":"<p data-start=\"80\" data-end=\"503\">Putzereiabf\u00e4lle sind eine Art von Baumwollabf\u00e4llen, die w\u00e4hrend des Putzereiprozesses (\u00d6ffnen) in Spinnereien anfallen. Der Putzereiprozess ist ein entscheidender Schritt bei der Verarbeitung von Rohbaumwolle, bei dem die Fasern ge\u00f6ffnet, aufgeflockt und getrennt werden, damit sie f\u00fcr die weitere Verarbeitung bereit sind. Bei diesem Prozess werden kurze, feine und unregelm\u00e4\u00dfige Baumwollfasern sowie Fremdstoffe abgetrennt. Diese Reststoffe werden als Putzereiabf\u00e4lle bezeichnet.<\/p>\n<p data-start=\"505\" data-end=\"845\">Obwohl es nicht direkt f\u00fcr die Herstellung hochwertiger Garne verwendet werden kann, ist es ein wirtschaftliches und umweltfreundliches Produkt, das in vielen verschiedenen Bereichen eingesetzt werden kann. Dank seiner recycelbaren Struktur kann es als Rohstoff in Bereichen wie der Herstellung von minderwertigem Garn, F\u00fcllmaterial, Isolierprodukten und industriellen Reinigungst\u00fcchern verwendet werden.<\/p>\n<p data-start=\"847\" data-end=\"1156\">Er wird h\u00e4ufig in der M\u00f6bel- und Matratzenindustrie verwendet, insbesondere als F\u00fcllmaterial, und bietet eine wirksame Alternative in Isolierprodukten. Als Beitrag zur Nachhaltigkeit in der Textilindustrie tragen Zellstoffabf\u00e4lle zur Verbesserung der Abfallwirtschaft bei und bieten Kostenvorteile bei den Produktionsprozessen.<\/p>\n<p data-start=\"1158\" data-end=\"1471\" data-is-last-node=\"\" data-is-only-node=\"\">Die Wiederverwertung von Textilabf\u00e4llen ist sowohl im Hinblick auf die Verringerung der Umweltauswirkungen als auch auf die Erzielung wirtschaftlicher Vorteile von gro\u00dfer Bedeutung. Indem er die Wiederverwertung von Baumwollabf\u00e4llen erm\u00f6glicht, tr\u00e4gt Zellstoff dazu bei, nat\u00fcrliche Ressourcen effizienter zu nutzen und unterst\u00fctzt den Ansatz der nachhaltigen Produktion.<\/p>","protected":false},"featured_media":15745,"comment_status":"open","ping_status":"closed","template":"","meta":[],"product_brand":[],"product_cat":[20],"product_tag":[],"class_list":{"0":"post-15744","1":"product","2":"type-product","3":"status-publish","4":"has-post-thumbnail","6":"product_cat-telefiler","8":"first","9":"instock","10":"shipping-taxable","11":"product-type-simple"},"_links":{"self":[{"href":"https:\/\/kemalcotton.com.tr\/de\/wp-json\/wp\/v2\/product\/15744","targetHints":{"allow":["GET"]}}],"collection":[{"href":"https:\/\/kemalcotton.com.tr\/de\/wp-json\/wp\/v2\/product"}],"about":[{"href":"https:\/\/kemalcotton.com.tr\/de\/wp-json\/wp\/v2\/types\/product"}],"replies":[{"embeddable":true,"href":"https:\/\/kemalcotton.com.tr\/de\/wp-json\/wp\/v2\/comments?post=15744"}],"version-history":[{"count":4,"href":"https:\/\/kemalcotton.com.tr\/de\/wp-json\/wp\/v2\/product\/15744\/revisions"}],"predecessor-version":[{"id":15789,"href":"https:\/\/kemalcotton.com.tr\/de\/wp-json\/wp\/v2\/product\/15744\/revisions\/15789"}],"wp:featuredmedia":[{"embeddable":true,"href":"https:\/\/kemalcotton.com.tr\/de\/wp-json\/wp\/v2\/media\/15745"}],"wp:attachment":[{"href":"https:\/\/kemalcotton.com.tr\/de\/wp-json\/wp\/v2\/media?parent=15744"}],"wp:term":[{"taxonomy":"product_brand","embeddable":true,"href":"https:\/\/kemalcotton.com.tr\/de\/wp-json\/wp\/v2\/product_brand?post=15744"},{"taxonomy":"product_cat","embeddable":true,"href":"https:\/\/kemalcotton.com.tr\/de\/wp-json\/wp\/v2\/product_cat?post=15744"},{"taxonomy":"product_tag","embeddable":true,"href":"https:\/\/kemalcotton.com.tr\/de\/wp-json\/wp\/v2\/product_tag?post=15744"}],"curies":[{"name":"wp","href":"https:\/\/api.w.org\/{rel}","templated":true}]}}