{"id":15741,"date":"2025-03-04T14:46:35","date_gmt":"2025-03-04T14:46:35","guid":{"rendered":"http:\/\/kemalcotton.com.tr\/?post_type=product&#038;p=15741"},"modified":"2025-03-05T12:41:48","modified_gmt":"2025-03-05T12:41:48","slug":"tarak-telefi-sapka","status":"publish","type":"product","link":"https:\/\/kemalcotton.com.tr\/de\/produkt\/tarak-telefi-sapka\/","title":{"rendered":"Kammabfall (Hut)"},"content":{"rendered":"","protected":false},"excerpt":{"rendered":"<p data-start=\"61\" data-end=\"509\">Unter Kardierabf\u00e4llen versteht man Baumwollabf\u00e4lle, die bei der Garnherstellung in Spinnereien anfallen, insbesondere w\u00e4hrend des Kardierprozesses. Der Kardiervorgang ist ein wichtiger Schritt, bei dem die Baumwollfasern voneinander getrennt, gereinigt und in eine einheitliche Struktur gebracht werden. Bei diesem Prozess werden kurze, feine oder fremde Fasern abgetrennt, die sich am Boden der Karde ansammeln. Dieses Abfallmaterial wird als \"Abfall unter der Karde\" bezeichnet.<\/p>\n<p data-start=\"511\" data-end=\"926\">Obwohl es nicht direkt f\u00fcr die Herstellung von hochwertigem Garn verwendet werden kann, hat es eine recycelbare Struktur. In der Textilindustrie kann es als Rohstoff f\u00fcr die Herstellung von Garnen niedriger Qualit\u00e4t verwendet werden. Es kann auch als F\u00fcllmaterial, Isolationsprodukte und Reinigungst\u00fccher verwendet werden. Vor allem in der M\u00f6bel- und Matratzenindustrie wird es h\u00e4ufig als F\u00fcllmaterial verwendet.<\/p>\n<p data-start=\"928\" data-end=\"1271\">Die Wiederverwertung von Abf\u00e4llen unterst\u00fctzt sowohl die \u00f6kologische Nachhaltigkeit als auch den Kostenvorteil in Produktionsprozessen. Da der recyclingorientierte Produktionsansatz in der Textilindustrie immer mehr an Bedeutung gewinnt, tr\u00e4gt die effektive Verwertung von Abf\u00e4llen wie z.B. Unterkardenabf\u00e4llen auch zum Schutz der nat\u00fcrlichen Ressourcen bei.<\/p>\n<p data-start=\"1273\" data-end=\"1566\" data-is-last-node=\"\" data-is-only-node=\"\">Als Recyclingprodukt im Einklang mit dem Ansatz der nachhaltigen Produktion sind Unterkammabf\u00e4lle ein wichtiger Rohstoff, um Kosten zu senken und Umweltbelastungen zu minimieren. Die effiziente Nutzung von Textilabf\u00e4llen bietet langfristige Vorteile sowohl f\u00fcr die Industrie als auch f\u00fcr die Umwelt.<\/p>","protected":false},"featured_media":15927,"comment_status":"open","ping_status":"closed","template":"","meta":[],"product_brand":[],"product_cat":[20],"product_tag":[],"class_list":{"0":"post-15741","1":"product","2":"type-product","3":"status-publish","4":"has-post-thumbnail","6":"product_cat-telefiler","8":"first","9":"instock","10":"shipping-taxable","11":"product-type-simple"},"_links":{"self":[{"href":"https:\/\/kemalcotton.com.tr\/de\/wp-json\/wp\/v2\/product\/15741","targetHints":{"allow":["GET"]}}],"collection":[{"href":"https:\/\/kemalcotton.com.tr\/de\/wp-json\/wp\/v2\/product"}],"about":[{"href":"https:\/\/kemalcotton.com.tr\/de\/wp-json\/wp\/v2\/types\/product"}],"replies":[{"embeddable":true,"href":"https:\/\/kemalcotton.com.tr\/de\/wp-json\/wp\/v2\/comments?post=15741"}],"version-history":[{"count":3,"href":"https:\/\/kemalcotton.com.tr\/de\/wp-json\/wp\/v2\/product\/15741\/revisions"}],"predecessor-version":[{"id":15790,"href":"https:\/\/kemalcotton.com.tr\/de\/wp-json\/wp\/v2\/product\/15741\/revisions\/15790"}],"wp:featuredmedia":[{"embeddable":true,"href":"https:\/\/kemalcotton.com.tr\/de\/wp-json\/wp\/v2\/media\/15927"}],"wp:attachment":[{"href":"https:\/\/kemalcotton.com.tr\/de\/wp-json\/wp\/v2\/media?parent=15741"}],"wp:term":[{"taxonomy":"product_brand","embeddable":true,"href":"https:\/\/kemalcotton.com.tr\/de\/wp-json\/wp\/v2\/product_brand?post=15741"},{"taxonomy":"product_cat","embeddable":true,"href":"https:\/\/kemalcotton.com.tr\/de\/wp-json\/wp\/v2\/product_cat?post=15741"},{"taxonomy":"product_tag","embeddable":true,"href":"https:\/\/kemalcotton.com.tr\/de\/wp-json\/wp\/v2\/product_tag?post=15741"}],"curies":[{"name":"wp","href":"https:\/\/api.w.org\/{rel}","templated":true}]}}