{"id":15738,"date":"2025-03-04T14:46:04","date_gmt":"2025-03-04T14:46:04","guid":{"rendered":"http:\/\/kemalcotton.com.tr\/?post_type=product&#038;p=15738"},"modified":"2025-03-04T15:16:33","modified_gmt":"2025-03-04T15:16:33","slug":"penye-telefi","status":"publish","type":"product","link":"https:\/\/kemalcotton.com.tr\/de\/produkt\/penye-telefi\/","title":{"rendered":"Gek\u00e4mmter Einlagestoff"},"content":{"rendered":"","protected":false},"excerpt":{"rendered":"<p data-start=\"79\" data-end=\"489\">K\u00e4mmabf\u00e4lle sind textile Nebenprodukte, die bei der Herstellung von Baumwollgarn in Spinnereien beim K\u00e4mmen anfallen. Beim K\u00e4mmen werden die langen und hochwertigen Baumwollfasern getrennt, um gleichm\u00e4\u00dfigere und haltbarere Garne herzustellen. Bei diesem Prozess werden kurze, unregelm\u00e4\u00dfige und minderwertige Fasern abgetrennt und angesammelt. Dieses Material wird als \"K\u00e4mmabfall\" bezeichnet.<\/p>\n<p data-start=\"491\" data-end=\"828\">Obwohl gek\u00e4mmte Abf\u00e4lle nicht direkt f\u00fcr die Produktion von hochwertigem Garn verwendet werden k\u00f6nnen, werden sie als wertvoller Rohstoff in verschiedenen Industrie- und Textilbereichen eingesetzt. Er wird nicht nur f\u00fcr die Herstellung von minderwertigem Garn verwendet, sondern auch in verschiedenen Bereichen wie F\u00fcllmaterial, Isoliermaterial und industriellen Reinigungst\u00fcchern.<\/p>\n<p data-start=\"830\" data-end=\"1085\">Gek\u00e4mmte Baumwollabf\u00e4lle, die vor allem in der M\u00f6bel- und Matratzenindustrie als F\u00fcllmaterial verwendet werden, k\u00f6nnen auch zur Herstellung von D\u00e4mmstoffen beitragen. Dar\u00fcber hinaus wird sie dank ihrer hohen Saugf\u00e4higkeit im Reinigungssektor bei der Herstellung von Industriet\u00fcchern bevorzugt.<\/p>\n<p data-start=\"1087\" data-end=\"1448\" data-is-last-node=\"\" data-is-only-node=\"\">W\u00e4hrend Nachhaltigkeit und Recycling in der Textilindustrie immer mehr an Bedeutung gewinnen, bietet die Neubewertung von Nebenprodukten wie K\u00e4mmereiabf\u00e4llen sowohl Kostenvorteile als auch einen Beitrag zum \u00f6kologischen Abfallmanagement. Die Wiederverwertung solcher Abf\u00e4lle bietet wirtschaftliche und \u00f6kologische Vorteile, indem sie eine effizientere Nutzung der nat\u00fcrlichen Ressourcen unterst\u00fctzt.<\/p>","protected":false},"featured_media":15739,"comment_status":"open","ping_status":"closed","template":"","meta":[],"product_brand":[],"product_cat":[20],"product_tag":[],"class_list":{"0":"post-15738","1":"product","2":"type-product","3":"status-publish","4":"has-post-thumbnail","6":"product_cat-telefiler","8":"first","9":"instock","10":"shipping-taxable","11":"product-type-simple"},"_links":{"self":[{"href":"https:\/\/kemalcotton.com.tr\/de\/wp-json\/wp\/v2\/product\/15738","targetHints":{"allow":["GET"]}}],"collection":[{"href":"https:\/\/kemalcotton.com.tr\/de\/wp-json\/wp\/v2\/product"}],"about":[{"href":"https:\/\/kemalcotton.com.tr\/de\/wp-json\/wp\/v2\/types\/product"}],"replies":[{"embeddable":true,"href":"https:\/\/kemalcotton.com.tr\/de\/wp-json\/wp\/v2\/comments?post=15738"}],"version-history":[{"count":3,"href":"https:\/\/kemalcotton.com.tr\/de\/wp-json\/wp\/v2\/product\/15738\/revisions"}],"predecessor-version":[{"id":15791,"href":"https:\/\/kemalcotton.com.tr\/de\/wp-json\/wp\/v2\/product\/15738\/revisions\/15791"}],"wp:featuredmedia":[{"embeddable":true,"href":"https:\/\/kemalcotton.com.tr\/de\/wp-json\/wp\/v2\/media\/15739"}],"wp:attachment":[{"href":"https:\/\/kemalcotton.com.tr\/de\/wp-json\/wp\/v2\/media?parent=15738"}],"wp:term":[{"taxonomy":"product_brand","embeddable":true,"href":"https:\/\/kemalcotton.com.tr\/de\/wp-json\/wp\/v2\/product_brand?post=15738"},{"taxonomy":"product_cat","embeddable":true,"href":"https:\/\/kemalcotton.com.tr\/de\/wp-json\/wp\/v2\/product_cat?post=15738"},{"taxonomy":"product_tag","embeddable":true,"href":"https:\/\/kemalcotton.com.tr\/de\/wp-json\/wp\/v2\/product_tag?post=15738"}],"curies":[{"name":"wp","href":"https:\/\/api.w.org\/{rel}","templated":true}]}}