{"id":4400,"date":"2021-10-12T15:51:09","date_gmt":"2021-10-12T15:51:09","guid":{"rendered":"http:\/\/dummy.xtemos.com\/woodmart2\/elementor\/?page_id=4400"},"modified":"2025-03-05T11:54:02","modified_gmt":"2025-03-05T11:54:02","slug":"hakkimizda","status":"publish","type":"page","link":"https:\/\/kemalcotton.com.tr\/de\/hakkimizda\/","title":{"rendered":"\u00dcber uns"},"content":{"rendered":"<div data-elementor-type=\"wp-page\" data-elementor-id=\"4400\" class=\"elementor elementor-4400\" data-elementor-post-type=\"page\">\n\t\t\t\t\t\t<section class=\"elementor-section elementor-top-section elementor-element elementor-element-30f4b337 elementor-section-content-middle wd-section-stretch elementor-section-boxed elementor-section-height-default elementor-section-height-default\" data-id=\"30f4b337\" data-element_type=\"section\" data-settings=\"{&quot;background_background&quot;:&quot;classic&quot;}\">\n\t\t\t\t\t\t<div class=\"elementor-container elementor-column-gap-extended\">\n\t\t\t\t\t<div class=\"elementor-column elementor-col-33 elementor-top-column elementor-element elementor-element-709130a2\" data-id=\"709130a2\" data-element_type=\"column\">\n\t\t\t<div class=\"elementor-widget-wrap elementor-element-populated\">\n\t\t\t\t\t\t<div class=\"elementor-element elementor-element-de6816b elementor-widget elementor-widget-wd_title\" data-id=\"de6816b\" data-element_type=\"widget\" data-widget_type=\"wd_title.default\">\n\t\t\t\t<div class=\"elementor-widget-container\">\n\t\t\t\t\t\t\t<div class=\"title-wrapper set-mb-s reset-last-child wd-title-color-primary wd-title-style-default wd-title-size-large text-left\">\n\n\t\t\t\t\t\t\t<div class=\"title-subtitle subtitle-color-primary subtitle-style-default wd-fontsize-xs\">\n\t\t\t\t\tKemal Baumwolle\t\t\t\t<\/div>\n\t\t\t\n\t\t\t<div class=\"liner-continer\">\n\t\t\t\t<h4 class=\"woodmart-title-container title wd-fontsize-xxl\">Rohstofflieferant f\u00fcr die Textilindustrie<\/h4> \n\t\t\t\t\t\t\t<\/div>\n\n\t\t\t\t\t<\/div>\n\t\t\t\t\t\t<\/div>\n\t\t\t\t<\/div>\n\t\t\t\t\t<\/div>\n\t\t<\/div>\n\t\t\t\t<div class=\"elementor-column elementor-col-33 elementor-top-column elementor-element elementor-element-52737e3b\" data-id=\"52737e3b\" data-element_type=\"column\">\n\t\t\t<div class=\"elementor-widget-wrap elementor-element-populated\">\n\t\t\t\t\t\t<div class=\"elementor-element elementor-element-8e08c02 elementor-widget elementor-widget-wd_infobox\" data-id=\"8e08c02\" data-element_type=\"widget\" data-widget_type=\"wd_infobox.default\">\n\t\t\t\t<div class=\"elementor-widget-container\">\n\t\t\t\t\t\t\t<div class=\"info-box-wrapper\">\n\t\t\t<div class=\"wd-info-box text-left box-icon-align-top box-style-base color-scheme-\"  style=\"\">\n\t\t\t\t\n\t\t\t\t<div class=\"info-box-content\">\n\t\t\t\t\t\n\t\t\t\t\t\t\t\t\t\t\t<h4\t\t\t\t\t\tclass=\"info-box-title title box-title-style-default wd-fontsize-m\" data-elementor-setting-key=\"title\">\n\t\t\t\t\t\t\t\tHohe Qualit\u00e4t\t\t\t\t\t\t<\/h4>\n\t\t\t\t\t\n\t\t\t\t\t<div class=\"info-box-inner set-cont-mb-s reset-last-child\"data-elementor-setting-key=\"content\"><p>Wir liefern qualitativ hochwertige Baumwolle, die den Anforderungen des Lebens und der Industrie in allen Bereichen gerecht wird.<\/p>\n<\/div>\n\t\n\t\t\t\t\t\t\t\t\t<\/div>\n\t\t\t<\/div>\n\t\t<\/div>\n\t\t\t\t\t\t<\/div>\n\t\t\t\t<\/div>\n\t\t\t\t\t<\/div>\n\t\t<\/div>\n\t\t\t\t<div class=\"elementor-column elementor-col-33 elementor-top-column elementor-element elementor-element-1c137d17\" data-id=\"1c137d17\" data-element_type=\"column\">\n\t\t\t<div class=\"elementor-widget-wrap elementor-element-populated\">\n\t\t\t\t\t\t<div class=\"elementor-element elementor-element-1be79bd5 elementor-widget elementor-widget-wd_infobox\" data-id=\"1be79bd5\" data-element_type=\"widget\" data-widget_type=\"wd_infobox.default\">\n\t\t\t\t<div class=\"elementor-widget-container\">\n\t\t\t\t\t\t\t<div class=\"info-box-wrapper\">\n\t\t\t<div class=\"wd-info-box text-left box-icon-align-top box-style-base color-scheme-\"  style=\"\">\n\t\t\t\t\n\t\t\t\t<div class=\"info-box-content\">\n\t\t\t\t\t\n\t\t\t\t\t\t\t\t\t\t\t<h4\t\t\t\t\t\tclass=\"info-box-title title box-title-style-default wd-fontsize-m\" data-elementor-setting-key=\"title\">\n\t\t\t\t\t\t\t\tNachhaltigkeit f\u00fcr die Welt\t\t\t\t\t\t<\/h4>\n\t\t\t\t\t\n\t\t\t\t\t<div class=\"info-box-inner set-cont-mb-s reset-last-child\"data-elementor-setting-key=\"content\"><p>Wir respektieren die Natur und die Menschheit. Wir produzieren nachhaltig und im Einklang mit dem normalen Fluss der Natur.<\/p>\n<\/div>\n\t\n\t\t\t\t\t\t\t\t\t<\/div>\n\t\t\t<\/div>\n\t\t<\/div>\n\t\t\t\t\t\t<\/div>\n\t\t\t\t<\/div>\n\t\t\t\t\t<\/div>\n\t\t<\/div>\n\t\t\t\t\t<\/div>\n\t\t<\/section>\n\t\t\t\t<section class=\"elementor-section elementor-top-section elementor-element elementor-element-6da39a0 elementor-section-content-middle elementor-section-boxed elementor-section-height-default elementor-section-height-default wd-section-disabled\" data-id=\"6da39a0\" data-element_type=\"section\">\n\t\t\t\t\t\t<div class=\"elementor-container elementor-column-gap-wide\">\n\t\t\t\t\t<div class=\"elementor-column elementor-col-50 elementor-top-column elementor-element elementor-element-4daca541\" data-id=\"4daca541\" data-element_type=\"column\">\n\t\t\t<div class=\"elementor-widget-wrap elementor-element-populated\">\n\t\t\t\t\t\t<div class=\"elementor-element elementor-element-46a4bb77 elementor-widget elementor-widget-image\" data-id=\"46a4bb77\" data-element_type=\"widget\" data-widget_type=\"image.default\">\n\t\t\t\t<div class=\"elementor-widget-container\">\n\t\t\t\t\t\t\t\t\t\t\t\t\t\t\t<img decoding=\"async\" src=\"https:\/\/kemalcotton.com.tr\/wp-content\/uploads\/elementor\/thumbs\/Photoroom_20241217_185401-r2d749sya7obcxm7vg76ffshzp14284c9a9kq7m6iw.jpeg\" title=\"Photoroom_20241217_185401\" alt=\"Photoroom_20241217_185401\" loading=\"lazy\" \/>\t\t\t\t\t\t\t\t\t\t\t\t\t\t\t<\/div>\n\t\t\t\t<\/div>\n\t\t\t\t\t<\/div>\n\t\t<\/div>\n\t\t\t\t<div class=\"elementor-column elementor-col-50 elementor-top-column elementor-element elementor-element-3dbf0fe5\" data-id=\"3dbf0fe5\" data-element_type=\"column\">\n\t\t\t<div class=\"elementor-widget-wrap elementor-element-populated\">\n\t\t\t\t\t\t<div class=\"elementor-element elementor-element-4c89a906 elementor-widget elementor-widget-wd_title\" data-id=\"4c89a906\" data-element_type=\"widget\" data-widget_type=\"wd_title.default\">\n\t\t\t\t<div class=\"elementor-widget-container\">\n\t\t\t\t\t\t\t<div class=\"title-wrapper set-mb-s reset-last-child wd-title-color-default wd-title-style-default wd-title-size-default text-left\">\n\n\t\t\t\n\t\t\t<div class=\"liner-continer\">\n\t\t\t\t<h4 class=\"woodmart-title-container title wd-fontsize-l\">\u00dcber uns<\/h4> \n\t\t\t\t\t\t\t<\/div>\n\n\t\t\t\t\t\t\t<div class=\"title-after_title set-cont-mb-s reset-last-child wd-fontsize-xs\">\n\t\t\t\t\t<p>Kemal Cotton Baumwolle ist einer der wertvollsten Rohstoffe, die die Natur zu bieten hat, und wir, Kemal Cotton, machen mit unserem zuverl\u00e4ssigen, nachhaltigen und qualitativ hochwertigen Dienstleistungsansatz im Handel mit Baumwolle und Baumwollabf\u00e4llen einen Unterschied in diesem Sektor.<\/p><p>\u00a0Wir haben uns auf den An- und Verkauf von Baumwolle und Baumwollabf\u00e4llen spezialisiert und arbeiten sowohl auf dem lokalen als auch auf dem internationalen Markt eng zusammen. Wir legen Wert auf Qualit\u00e4t und Vertrauen und bieten unseren Kunden die besten Produkte zu den g\u00fcnstigsten Bedingungen. Dank unserer innovativen Sichtweise und unseres weitreichenden Liefernetzwerks bieten wir schnelle und effektive L\u00f6sungen f\u00fcr die Bed\u00fcrfnisse des Sektors. Als Kemal Cotton handeln wir nicht nur, wir handeln auch im Bewusstsein, die Natur zu sch\u00fctzen. Indem wir die Prinzipien der Abfallvermeidung und des Recyclings anwenden, tragen wir zur effizienten Nutzung von Ressourcen bei. Mit unserem umweltfreundlichen Handelsansatz arbeiten wir f\u00fcr eine nachhaltige Zukunft und tragen die Verantwortung, die Werte zu sch\u00fctzen, die uns die Natur bietet.<\/p><p>\u00a0Kemal Cotton ist nicht nur ein Markenzeichen, sondern die Adresse f\u00fcr zuverl\u00e4ssige Gesch\u00e4ftspartnerschaften, nachhaltigen Handel und umweltfreundliche Produktion. Wir wollen sicherstellen, dass nat\u00fcrliche Baumwolle auf die beste Art und Weise genutzt wird, um k\u00fcnftigen Generationen eine lebenswertere Welt zu hinterlassen und unseren Kunden einen Service h\u00f6chster Qualit\u00e4t zu bieten.<\/p>\t\t\t\t<\/div>\n\t\t\t\t\t<\/div>\n\t\t\t\t\t\t<\/div>\n\t\t\t\t<\/div>\n\t\t\t\t\t<\/div>\n\t\t<\/div>\n\t\t\t\t\t<\/div>\n\t\t<\/section>\n\t\t<div class=\"elementor-element elementor-element-6e8d964 e-flex e-con-boxed wd-section-disabled e-con e-parent\" data-id=\"6e8d964\" data-element_type=\"container\">\n\t\t\t\t\t<div class=\"e-con-inner\">\n\t\t<div class=\"elementor-element elementor-element-792cae1 e-con-full e-flex wd-section-disabled e-con e-child\" data-id=\"792cae1\" data-element_type=\"container\">\n\t\t\t\t<div class=\"elementor-element elementor-element-41231e4 elementor-widget elementor-widget-wd_infobox\" data-id=\"41231e4\" data-element_type=\"widget\" data-widget_type=\"wd_infobox.default\">\n\t\t\t\t<div class=\"elementor-widget-container\">\n\t\t\t\t\t\t\t<div class=\"info-box-wrapper\">\n\t\t\t<div class=\"wd-info-box text-left box-icon-align-top box-style-base color-scheme-\"  style=\"\">\n\t\t\t\t\n\t\t\t\t<div class=\"info-box-content\">\n\t\t\t\t\t\n\t\t\t\t\t\t\t\t\t\t\t<h4\t\t\t\t\t\tclass=\"info-box-title title box-title-style-default wd-fontsize-m\" data-elementor-setting-key=\"title\">\n\t\t\t\t\t\t\t\tUnser Auftrag\t\t\t\t\t\t<\/h4>\n\t\t\t\t\t\n\t\t\t\t\t<div class=\"info-box-inner set-cont-mb-s reset-last-child\"data-elementor-setting-key=\"content\"><p>Unser Ziel ist es, unseren Kunden die besten Produkte zu den g\u00fcnstigsten Bedingungen anzubieten, indem wir hohe Qualit\u00e4tsstandards im Handel mit Baumwolle und Baumwollabf\u00e4llen aufrechterhalten. Mit unserem breiten Liefernetzwerk und zuverl\u00e4ssigen Gesch\u00e4ftspartnerschaften unterst\u00fctzen wir das nachhaltige Wachstum in diesem Sektor. Indem wir die Grunds\u00e4tze der Abfallvermeidung und des Recyclings anwenden, handeln wir umweltbewusst und tragen zur effizienten Nutzung nat\u00fcrlicher Ressourcen bei.<\/p>\n<\/div>\n\t\n\t\t\t\t\t\t\t\t\t<\/div>\n\t\t\t<\/div>\n\t\t<\/div>\n\t\t\t\t\t\t<\/div>\n\t\t\t\t<\/div>\n\t\t\t\t<\/div>\n\t\t<div class=\"elementor-element elementor-element-a29bf36 e-con-full e-flex wd-section-disabled e-con e-child\" data-id=\"a29bf36\" data-element_type=\"container\">\n\t\t\t\t<div class=\"elementor-element elementor-element-216adeb elementor-widget elementor-widget-wd_infobox\" data-id=\"216adeb\" data-element_type=\"widget\" data-widget_type=\"wd_infobox.default\">\n\t\t\t\t<div class=\"elementor-widget-container\">\n\t\t\t\t\t\t\t<div class=\"info-box-wrapper\">\n\t\t\t<div class=\"wd-info-box text-left box-icon-align-top box-style-base color-scheme-\"  style=\"\">\n\t\t\t\t\n\t\t\t\t<div class=\"info-box-content\">\n\t\t\t\t\t\n\t\t\t\t\t\t\t\t\t\t\t<h4\t\t\t\t\t\tclass=\"info-box-title title box-title-style-default wd-fontsize-m\" data-elementor-setting-key=\"title\">\n\t\t\t\t\t\t\t\tUnsere Vision\t\t\t\t\t\t<\/h4>\n\t\t\t\t\t\n\t\t\t\t\t<div class=\"info-box-inner set-cont-mb-s reset-last-child\"data-elementor-setting-key=\"content\"><p>Als Kemal Cotton wollen wir eine zuverl\u00e4ssige, nachhaltige und bahnbrechende Marke im Handel mit Baumwolle und Baumwollfasern auf globaler Ebene werden.<\/p>\n<p>Mit unserem abfallfreien und recyclingorientierten Handelsansatz wollen wir einen Mehrwert f\u00fcr die Natur und die Zukunft schaffen, indem wir umweltfreundliche L\u00f6sungen f\u00fcr die Textilindustrie anbieten.<\/p>\n<\/div>\n\t\n\t\t\t\t\t\t\t\t\t<\/div>\n\t\t\t<\/div>\n\t\t<\/div>\n\t\t\t\t\t\t<\/div>\n\t\t\t\t<\/div>\n\t\t\t\t<\/div>\n\t\t\t\t\t<\/div>\n\t\t\t\t<\/div>\n\t\t<div class=\"elementor-element elementor-element-a9cc623 wd-section-stretch e-flex e-con-boxed e-con e-parent\" data-id=\"a9cc623\" data-element_type=\"container\" data-settings=\"{&quot;background_background&quot;:&quot;classic&quot;}\">\n\t\t\t\t\t<div class=\"e-con-inner\">\n\t\t<div class=\"elementor-element elementor-element-664f5ee e-con-full e-flex wd-section-disabled e-con e-child\" data-id=\"664f5ee\" data-element_type=\"container\">\n\t\t\t\t<div class=\"elementor-element elementor-element-7d1f1a5 elementor-position-left elementor-vertical-align-top elementor-widget elementor-widget-image-box\" data-id=\"7d1f1a5\" data-element_type=\"widget\" data-widget_type=\"image-box.default\">\n\t\t\t\t<div class=\"elementor-widget-container\">\n\t\t\t\t\t<div class=\"elementor-image-box-wrapper\"><figure class=\"elementor-image-box-img\"><img fetchpriority=\"high\" decoding=\"async\" width=\"1080\" height=\"1080\" src=\"https:\/\/kemalcotton.com.tr\/wp-content\/uploads\/2025\/03\/Paragraf-metniniz-9.jpg\" class=\"attachment-full size-full wp-image-15711\" alt=\"\" srcset=\"https:\/\/kemalcotton.com.tr\/wp-content\/uploads\/2025\/03\/Paragraf-metniniz-9.jpg 1080w, https:\/\/kemalcotton.com.tr\/wp-content\/uploads\/2025\/03\/Paragraf-metniniz-9-300x300.jpg 300w, https:\/\/kemalcotton.com.tr\/wp-content\/uploads\/2025\/03\/Paragraf-metniniz-9-800x800.jpg 800w, https:\/\/kemalcotton.com.tr\/wp-content\/uploads\/2025\/03\/Paragraf-metniniz-9-150x150.jpg 150w, https:\/\/kemalcotton.com.tr\/wp-content\/uploads\/2025\/03\/Paragraf-metniniz-9-768x768.jpg 768w, https:\/\/kemalcotton.com.tr\/wp-content\/uploads\/2025\/03\/Paragraf-metniniz-9-860x860.jpg 860w, https:\/\/kemalcotton.com.tr\/wp-content\/uploads\/2025\/03\/Paragraf-metniniz-9-430x430.jpg 430w, https:\/\/kemalcotton.com.tr\/wp-content\/uploads\/2025\/03\/Paragraf-metniniz-9-700x700.jpg 700w\" sizes=\"(max-width: 1080px) 100vw, 1080px\" \/><\/figure><div class=\"elementor-image-box-content\"><h3 class=\"elementor-image-box-title\">Nachhaltigkeit<\/h3><p class=\"elementor-image-box-description\">Wir verfolgen einen umweltbewussten Produktions- und Handelsansatz f\u00fcr eine nachhaltige Zukunft. Wir streben eine effizientere Nutzung der nat\u00fcrlichen Ressourcen an, indem wir die Prinzipien des Null-Abfalls und des Recyclings im Handel mit Baumwolle und Baumwollabf\u00e4llen umsetzen.   Dieses Verst\u00e4ndnis ist nicht nur f\u00fcr die Umwelt, sondern auch f\u00fcr die Zukunft unseres Unternehmens von Bedeutung. Nachhaltigkeit erm\u00f6glicht es uns, unseren Kunden hochwertige und zuverl\u00e4ssige Produkte zu liefern und ein Beispiel f\u00fcr andere Akteure in diesem Sektor zu geben.<\/p><\/div><\/div>\t\t\t\t<\/div>\n\t\t\t\t<\/div>\n\t\t<div class=\"elementor-element elementor-element-072bdd4 e-con-full e-flex wd-section-disabled e-con e-child\" data-id=\"072bdd4\" data-element_type=\"container\">\n\t\t\t\t<div class=\"elementor-element elementor-element-bca6e7b elementor-position-left elementor-vertical-align-top elementor-widget elementor-widget-image-box\" data-id=\"bca6e7b\" data-element_type=\"widget\" data-widget_type=\"image-box.default\">\n\t\t\t\t<div class=\"elementor-widget-container\">\n\t\t\t\t\t<div class=\"elementor-image-box-wrapper\"><figure class=\"elementor-image-box-img\"><img decoding=\"async\" width=\"1080\" height=\"1080\" src=\"https:\/\/kemalcotton.com.tr\/wp-content\/uploads\/2025\/03\/Paragraf-metniniz-11.jpg\" class=\"attachment-full size-full wp-image-15713\" alt=\"\" srcset=\"https:\/\/kemalcotton.com.tr\/wp-content\/uploads\/2025\/03\/Paragraf-metniniz-11.jpg 1080w, https:\/\/kemalcotton.com.tr\/wp-content\/uploads\/2025\/03\/Paragraf-metniniz-11-300x300.jpg 300w, https:\/\/kemalcotton.com.tr\/wp-content\/uploads\/2025\/03\/Paragraf-metniniz-11-800x800.jpg 800w, https:\/\/kemalcotton.com.tr\/wp-content\/uploads\/2025\/03\/Paragraf-metniniz-11-150x150.jpg 150w, https:\/\/kemalcotton.com.tr\/wp-content\/uploads\/2025\/03\/Paragraf-metniniz-11-768x768.jpg 768w, https:\/\/kemalcotton.com.tr\/wp-content\/uploads\/2025\/03\/Paragraf-metniniz-11-860x860.jpg 860w, https:\/\/kemalcotton.com.tr\/wp-content\/uploads\/2025\/03\/Paragraf-metniniz-11-430x430.jpg 430w, https:\/\/kemalcotton.com.tr\/wp-content\/uploads\/2025\/03\/Paragraf-metniniz-11-700x700.jpg 700w\" sizes=\"(max-width: 1080px) 100vw, 1080px\" \/><\/figure><div class=\"elementor-image-box-content\"><h3 class=\"elementor-image-box-title\">Qualit\u00e4t<\/h3><p class=\"elementor-image-box-description\">Hohe Qualit\u00e4t steht nicht nur bei unseren Produkten, sondern auch bei allen unseren Serviceprozessen im Mittelpunkt. Im Handel mit Baumwolle und Baumwollabf\u00e4llen sind wir stets bestrebt, unseren Kunden die hochwertigsten Produkte zu den g\u00fcnstigsten Bedingungen anzubieten. Qualit\u00e4t erm\u00f6glicht es uns, die Zufriedenheit unserer Kunden zu maximieren und unsere Wettbewerbsf\u00e4higkeit in diesem Sektor zu steigern.<\/p><\/div><\/div>\t\t\t\t<\/div>\n\t\t\t\t<\/div>\n\t\t\t\t<\/div>\n\t\t\t\t<\/div>\n\t\t<div class=\"elementor-element elementor-element-00dabf9 e-con-full e-flex wd-section-disabled e-con e-child\" data-id=\"00dabf9\" data-element_type=\"container\">\n\t\t\t\t<div class=\"elementor-element elementor-element-a772399 elementor-position-left elementor-vertical-align-top elementor-widget elementor-widget-image-box\" data-id=\"a772399\" data-element_type=\"widget\" data-widget_type=\"image-box.default\">\n\t\t\t\t<div class=\"elementor-widget-container\">\n\t\t\t\t\t<div class=\"elementor-image-box-wrapper\"><figure class=\"elementor-image-box-img\"><img decoding=\"async\" width=\"1080\" height=\"1080\" src=\"https:\/\/kemalcotton.com.tr\/wp-content\/uploads\/2025\/03\/Paragraf-metniniz-10.jpg\" class=\"attachment-full size-full wp-image-15712\" alt=\"\" srcset=\"https:\/\/kemalcotton.com.tr\/wp-content\/uploads\/2025\/03\/Paragraf-metniniz-10.jpg 1080w, https:\/\/kemalcotton.com.tr\/wp-content\/uploads\/2025\/03\/Paragraf-metniniz-10-300x300.jpg 300w, https:\/\/kemalcotton.com.tr\/wp-content\/uploads\/2025\/03\/Paragraf-metniniz-10-800x800.jpg 800w, https:\/\/kemalcotton.com.tr\/wp-content\/uploads\/2025\/03\/Paragraf-metniniz-10-150x150.jpg 150w, https:\/\/kemalcotton.com.tr\/wp-content\/uploads\/2025\/03\/Paragraf-metniniz-10-768x768.jpg 768w, https:\/\/kemalcotton.com.tr\/wp-content\/uploads\/2025\/03\/Paragraf-metniniz-10-860x860.jpg 860w, https:\/\/kemalcotton.com.tr\/wp-content\/uploads\/2025\/03\/Paragraf-metniniz-10-430x430.jpg 430w, https:\/\/kemalcotton.com.tr\/wp-content\/uploads\/2025\/03\/Paragraf-metniniz-10-700x700.jpg 700w\" sizes=\"(max-width: 1080px) 100vw, 1080px\" \/><\/figure><div class=\"elementor-image-box-content\"><h3 class=\"elementor-image-box-title\">Verl\u00e4sslichkeit<\/h3><p class=\"elementor-image-box-description\">Wir verfolgen einen umweltbewussten Produktions- und Handelsansatz f\u00fcr eine nachhaltige Zukunft. Wir streben eine effizientere Nutzung der nat\u00fcrlichen Ressourcen an, indem wir die Prinzipien des Null-Abfalls und des Recyclings im Handel mit Baumwolle und Baumwollabf\u00e4llen umsetzen. Dieses Verst\u00e4ndnis ist nicht nur f\u00fcr die Umwelt, sondern auch f\u00fcr die Zukunft unseres Unternehmens von Bedeutung. Nachhaltigkeit erm\u00f6glicht es uns, unseren Kunden hochwertige und zuverl\u00e4ssige Produkte zu liefern und ein Beispiel f\u00fcr andere Akteure in diesem Sektor zu geben.<\/p><\/div><\/div>\t\t\t\t<\/div>\n\t\t\t\t<\/div>\n\t\t<div class=\"elementor-element elementor-element-afb52c2 e-con-full e-flex wd-section-disabled e-con e-child\" data-id=\"afb52c2\" data-element_type=\"container\">\n\t\t\t\t<div class=\"elementor-element elementor-element-c9fdb1b elementor-position-left elementor-vertical-align-top elementor-widget elementor-widget-image-box\" data-id=\"c9fdb1b\" data-element_type=\"widget\" data-widget_type=\"image-box.default\">\n\t\t\t\t<div class=\"elementor-widget-container\">\n\t\t\t\t\t<div class=\"elementor-image-box-wrapper\"><figure class=\"elementor-image-box-img\"><img loading=\"lazy\" decoding=\"async\" width=\"1080\" height=\"1080\" src=\"https:\/\/kemalcotton.com.tr\/wp-content\/uploads\/2025\/03\/Paragraf-metniniz-12.jpg\" class=\"attachment-full size-full wp-image-15714\" alt=\"\" srcset=\"https:\/\/kemalcotton.com.tr\/wp-content\/uploads\/2025\/03\/Paragraf-metniniz-12.jpg 1080w, https:\/\/kemalcotton.com.tr\/wp-content\/uploads\/2025\/03\/Paragraf-metniniz-12-300x300.jpg 300w, https:\/\/kemalcotton.com.tr\/wp-content\/uploads\/2025\/03\/Paragraf-metniniz-12-800x800.jpg 800w, https:\/\/kemalcotton.com.tr\/wp-content\/uploads\/2025\/03\/Paragraf-metniniz-12-150x150.jpg 150w, https:\/\/kemalcotton.com.tr\/wp-content\/uploads\/2025\/03\/Paragraf-metniniz-12-768x768.jpg 768w, https:\/\/kemalcotton.com.tr\/wp-content\/uploads\/2025\/03\/Paragraf-metniniz-12-860x860.jpg 860w, https:\/\/kemalcotton.com.tr\/wp-content\/uploads\/2025\/03\/Paragraf-metniniz-12-430x430.jpg 430w, https:\/\/kemalcotton.com.tr\/wp-content\/uploads\/2025\/03\/Paragraf-metniniz-12-700x700.jpg 700w\" sizes=\"(max-width: 1080px) 100vw, 1080px\" \/><\/figure><div class=\"elementor-image-box-content\"><h3 class=\"elementor-image-box-title\">Innovation und Innovativit\u00e4t<\/h3><p class=\"elementor-image-box-description\">Wir sind auf der Suche nach kontinuierlicher Entwicklung und innovativen L\u00f6sungen. Wir optimieren unsere Gesch\u00e4ftsprozesse mit neuen Technologien und Handelsmethoden und bieten unseren Kunden effizientere und zeitgem\u00e4\u00dfe Dienstleistungen, indem wir den neuesten Trends in der Branche folgen. Innovation verschafft uns nicht nur einen Wettbewerbsvorteil in der Branche, sondern erm\u00f6glicht es uns auch, umweltfreundlichere und effektivere L\u00f6sungen zu entwickeln.<\/p><\/div><\/div>\t\t\t\t<\/div>\n\t\t\t\t<\/div>\n\t\t\t\t<\/div>\n\t\t\t\t<\/div>\n\t\t\t\t\t<\/div>\n\t\t\t\t<\/div>\n\t\t\t\t<\/div>","protected":false},"excerpt":{"rendered":"<p>Kemal Cotton Tekstil End\u00fcstrisi \u0130\u00e7in Hammadde Tedarik\u00e7isi Y\u00fcksek Kalite Ya\u015fam\u0131n ve end\u00fcstrinin her alanda ihtiya\u00e7lar\u0131n\u0131 kar\u015f\u0131layan y\u00fcksek kaliteli pamuk tedari\u011fi<\/p>","protected":false},"author":1,"featured_media":0,"parent":0,"menu_order":0,"comment_status":"closed","ping_status":"closed","template":"","meta":{"footnotes":""},"class_list":["post-4400","page","type-page","status-publish","hentry"],"_links":{"self":[{"href":"https:\/\/kemalcotton.com.tr\/de\/wp-json\/wp\/v2\/pages\/4400","targetHints":{"allow":["GET"]}}],"collection":[{"href":"https:\/\/kemalcotton.com.tr\/de\/wp-json\/wp\/v2\/pages"}],"about":[{"href":"https:\/\/kemalcotton.com.tr\/de\/wp-json\/wp\/v2\/types\/page"}],"author":[{"embeddable":true,"href":"https:\/\/kemalcotton.com.tr\/de\/wp-json\/wp\/v2\/users\/1"}],"replies":[{"embeddable":true,"href":"https:\/\/kemalcotton.com.tr\/de\/wp-json\/wp\/v2\/comments?post=4400"}],"version-history":[{"count":31,"href":"https:\/\/kemalcotton.com.tr\/de\/wp-json\/wp\/v2\/pages\/4400\/revisions"}],"predecessor-version":[{"id":15926,"href":"https:\/\/kemalcotton.com.tr\/de\/wp-json\/wp\/v2\/pages\/4400\/revisions\/15926"}],"wp:attachment":[{"href":"https:\/\/kemalcotton.com.tr\/de\/wp-json\/wp\/v2\/media?parent=4400"}],"curies":[{"name":"wp","href":"https:\/\/api.w.org\/{rel}","templated":true}]}}