{"id":15912,"date":"2025-03-04T19:02:11","date_gmt":"2025-03-04T19:02:11","guid":{"rendered":"https:\/\/kemalcotton.com.tr\/?page_id=15912"},"modified":"2025-03-04T19:08:04","modified_gmt":"2025-03-04T19:08:04","slug":"degerlerimiz","status":"publish","type":"page","link":"https:\/\/kemalcotton.com.tr\/de\/degerlerimiz\/","title":{"rendered":"Unsere Werte"},"content":{"rendered":"<div data-elementor-type=\"wp-page\" data-elementor-id=\"15912\" class=\"elementor elementor-15912\" data-elementor-post-type=\"page\">\n\t\t\t\t<div class=\"elementor-element elementor-element-2a05a35 wd-section-stretch e-flex e-con-boxed e-con e-parent\" data-id=\"2a05a35\" data-element_type=\"container\" data-settings=\"{&quot;background_background&quot;:&quot;classic&quot;}\">\n\t\t\t\t\t<div class=\"e-con-inner\">\n\t\t<div class=\"elementor-element elementor-element-1d73615 e-con-full e-flex wd-section-disabled e-con e-child\" data-id=\"1d73615\" data-element_type=\"container\">\n\t\t\t\t<div class=\"elementor-element elementor-element-9cbaef5 elementor-position-left elementor-vertical-align-top elementor-widget elementor-widget-image-box\" data-id=\"9cbaef5\" data-element_type=\"widget\" data-widget_type=\"image-box.default\">\n\t\t\t\t<div class=\"elementor-widget-container\">\n\t\t\t\t\t<div class=\"elementor-image-box-wrapper\"><figure class=\"elementor-image-box-img\"><img fetchpriority=\"high\" decoding=\"async\" width=\"1080\" height=\"1080\" src=\"https:\/\/kemalcotton.com.tr\/wp-content\/uploads\/2025\/03\/Paragraf-metniniz-9.jpg\" class=\"attachment-full size-full wp-image-15711\" alt=\"\" srcset=\"https:\/\/kemalcotton.com.tr\/wp-content\/uploads\/2025\/03\/Paragraf-metniniz-9.jpg 1080w, https:\/\/kemalcotton.com.tr\/wp-content\/uploads\/2025\/03\/Paragraf-metniniz-9-300x300.jpg 300w, https:\/\/kemalcotton.com.tr\/wp-content\/uploads\/2025\/03\/Paragraf-metniniz-9-800x800.jpg 800w, https:\/\/kemalcotton.com.tr\/wp-content\/uploads\/2025\/03\/Paragraf-metniniz-9-150x150.jpg 150w, https:\/\/kemalcotton.com.tr\/wp-content\/uploads\/2025\/03\/Paragraf-metniniz-9-768x768.jpg 768w, https:\/\/kemalcotton.com.tr\/wp-content\/uploads\/2025\/03\/Paragraf-metniniz-9-860x860.jpg 860w, https:\/\/kemalcotton.com.tr\/wp-content\/uploads\/2025\/03\/Paragraf-metniniz-9-430x430.jpg 430w, https:\/\/kemalcotton.com.tr\/wp-content\/uploads\/2025\/03\/Paragraf-metniniz-9-700x700.jpg 700w\" sizes=\"(max-width: 1080px) 100vw, 1080px\" \/><\/figure><div class=\"elementor-image-box-content\"><h3 class=\"elementor-image-box-title\">Nachhaltigkeit<\/h3><p class=\"elementor-image-box-description\">Wir verfolgen einen umweltbewussten Produktions- und Handelsansatz f\u00fcr eine nachhaltige Zukunft. Wir streben eine effizientere Nutzung der nat\u00fcrlichen Ressourcen an, indem wir die Prinzipien des Null-Abfalls und des Recyclings im Handel mit Baumwolle und Baumwollabf\u00e4llen umsetzen.   Dieses Verst\u00e4ndnis ist nicht nur f\u00fcr die Umwelt, sondern auch f\u00fcr die Zukunft unseres Unternehmens von Bedeutung. Nachhaltigkeit erm\u00f6glicht es uns, unseren Kunden hochwertige und zuverl\u00e4ssige Produkte zu liefern und ein Beispiel f\u00fcr andere Akteure in diesem Sektor zu geben.<\/p><\/div><\/div>\t\t\t\t<\/div>\n\t\t\t\t<\/div>\n\t\t<div class=\"elementor-element elementor-element-e223b2c e-con-full e-flex wd-section-disabled e-con e-child\" data-id=\"e223b2c\" data-element_type=\"container\">\n\t\t\t\t<div class=\"elementor-element elementor-element-dc5da74 elementor-position-left elementor-vertical-align-top elementor-widget elementor-widget-image-box\" data-id=\"dc5da74\" data-element_type=\"widget\" data-widget_type=\"image-box.default\">\n\t\t\t\t<div class=\"elementor-widget-container\">\n\t\t\t\t\t<div class=\"elementor-image-box-wrapper\"><figure class=\"elementor-image-box-img\"><img decoding=\"async\" width=\"1080\" height=\"1080\" src=\"https:\/\/kemalcotton.com.tr\/wp-content\/uploads\/2025\/03\/Paragraf-metniniz-11.jpg\" class=\"attachment-full size-full wp-image-15713\" alt=\"\" srcset=\"https:\/\/kemalcotton.com.tr\/wp-content\/uploads\/2025\/03\/Paragraf-metniniz-11.jpg 1080w, https:\/\/kemalcotton.com.tr\/wp-content\/uploads\/2025\/03\/Paragraf-metniniz-11-300x300.jpg 300w, https:\/\/kemalcotton.com.tr\/wp-content\/uploads\/2025\/03\/Paragraf-metniniz-11-800x800.jpg 800w, https:\/\/kemalcotton.com.tr\/wp-content\/uploads\/2025\/03\/Paragraf-metniniz-11-150x150.jpg 150w, https:\/\/kemalcotton.com.tr\/wp-content\/uploads\/2025\/03\/Paragraf-metniniz-11-768x768.jpg 768w, https:\/\/kemalcotton.com.tr\/wp-content\/uploads\/2025\/03\/Paragraf-metniniz-11-860x860.jpg 860w, https:\/\/kemalcotton.com.tr\/wp-content\/uploads\/2025\/03\/Paragraf-metniniz-11-430x430.jpg 430w, https:\/\/kemalcotton.com.tr\/wp-content\/uploads\/2025\/03\/Paragraf-metniniz-11-700x700.jpg 700w\" sizes=\"(max-width: 1080px) 100vw, 1080px\" \/><\/figure><div class=\"elementor-image-box-content\"><h3 class=\"elementor-image-box-title\">Qualit\u00e4t<\/h3><p class=\"elementor-image-box-description\">Hohe Qualit\u00e4t steht nicht nur bei unseren Produkten, sondern auch bei allen unseren Serviceprozessen im Mittelpunkt. Im Handel mit Baumwolle und Baumwollabf\u00e4llen sind wir stets bestrebt, unseren Kunden die hochwertigsten Produkte zu den g\u00fcnstigsten Bedingungen anzubieten. Qualit\u00e4t erm\u00f6glicht es uns, die Zufriedenheit unserer Kunden zu maximieren und unsere Wettbewerbsf\u00e4higkeit in diesem Sektor zu steigern.<\/p><\/div><\/div>\t\t\t\t<\/div>\n\t\t\t\t<\/div>\n\t\t\t\t<\/div>\n\t\t\t\t<\/div>\n\t\t<div class=\"elementor-element elementor-element-95e4655 e-con-full e-flex wd-section-disabled e-con e-child\" data-id=\"95e4655\" data-element_type=\"container\">\n\t\t\t\t<div class=\"elementor-element elementor-element-31f5baf elementor-position-left elementor-vertical-align-top elementor-widget elementor-widget-image-box\" data-id=\"31f5baf\" data-element_type=\"widget\" data-widget_type=\"image-box.default\">\n\t\t\t\t<div class=\"elementor-widget-container\">\n\t\t\t\t\t<div class=\"elementor-image-box-wrapper\"><figure class=\"elementor-image-box-img\"><img decoding=\"async\" width=\"1080\" height=\"1080\" src=\"https:\/\/kemalcotton.com.tr\/wp-content\/uploads\/2025\/03\/Paragraf-metniniz-10.jpg\" class=\"attachment-full size-full wp-image-15712\" alt=\"\" srcset=\"https:\/\/kemalcotton.com.tr\/wp-content\/uploads\/2025\/03\/Paragraf-metniniz-10.jpg 1080w, https:\/\/kemalcotton.com.tr\/wp-content\/uploads\/2025\/03\/Paragraf-metniniz-10-300x300.jpg 300w, https:\/\/kemalcotton.com.tr\/wp-content\/uploads\/2025\/03\/Paragraf-metniniz-10-800x800.jpg 800w, https:\/\/kemalcotton.com.tr\/wp-content\/uploads\/2025\/03\/Paragraf-metniniz-10-150x150.jpg 150w, https:\/\/kemalcotton.com.tr\/wp-content\/uploads\/2025\/03\/Paragraf-metniniz-10-768x768.jpg 768w, https:\/\/kemalcotton.com.tr\/wp-content\/uploads\/2025\/03\/Paragraf-metniniz-10-860x860.jpg 860w, https:\/\/kemalcotton.com.tr\/wp-content\/uploads\/2025\/03\/Paragraf-metniniz-10-430x430.jpg 430w, https:\/\/kemalcotton.com.tr\/wp-content\/uploads\/2025\/03\/Paragraf-metniniz-10-700x700.jpg 700w\" sizes=\"(max-width: 1080px) 100vw, 1080px\" \/><\/figure><div class=\"elementor-image-box-content\"><h3 class=\"elementor-image-box-title\">Verl\u00e4sslichkeit<\/h3><p class=\"elementor-image-box-description\">Wir verfolgen einen umweltbewussten Produktions- und Handelsansatz f\u00fcr eine nachhaltige Zukunft. Wir streben eine effizientere Nutzung der nat\u00fcrlichen Ressourcen an, indem wir die Prinzipien des Null-Abfalls und des Recyclings im Handel mit Baumwolle und Baumwollabf\u00e4llen umsetzen. Dieses Verst\u00e4ndnis ist nicht nur f\u00fcr die Umwelt, sondern auch f\u00fcr die Zukunft unseres Unternehmens von Bedeutung. Nachhaltigkeit erm\u00f6glicht es uns, unseren Kunden hochwertige und zuverl\u00e4ssige Produkte zu liefern und ein Beispiel f\u00fcr andere Akteure in diesem Sektor zu geben.<\/p><\/div><\/div>\t\t\t\t<\/div>\n\t\t\t\t<\/div>\n\t\t<div class=\"elementor-element elementor-element-5b02e1f e-con-full e-flex wd-section-disabled e-con e-child\" data-id=\"5b02e1f\" data-element_type=\"container\">\n\t\t\t\t<div class=\"elementor-element elementor-element-1e839ae elementor-position-left elementor-vertical-align-top elementor-widget elementor-widget-image-box\" data-id=\"1e839ae\" data-element_type=\"widget\" data-widget_type=\"image-box.default\">\n\t\t\t\t<div class=\"elementor-widget-container\">\n\t\t\t\t\t<div class=\"elementor-image-box-wrapper\"><figure class=\"elementor-image-box-img\"><img loading=\"lazy\" decoding=\"async\" width=\"1080\" height=\"1080\" src=\"https:\/\/kemalcotton.com.tr\/wp-content\/uploads\/2025\/03\/Paragraf-metniniz-12.jpg\" class=\"attachment-full size-full wp-image-15714\" alt=\"\" srcset=\"https:\/\/kemalcotton.com.tr\/wp-content\/uploads\/2025\/03\/Paragraf-metniniz-12.jpg 1080w, https:\/\/kemalcotton.com.tr\/wp-content\/uploads\/2025\/03\/Paragraf-metniniz-12-300x300.jpg 300w, https:\/\/kemalcotton.com.tr\/wp-content\/uploads\/2025\/03\/Paragraf-metniniz-12-800x800.jpg 800w, https:\/\/kemalcotton.com.tr\/wp-content\/uploads\/2025\/03\/Paragraf-metniniz-12-150x150.jpg 150w, https:\/\/kemalcotton.com.tr\/wp-content\/uploads\/2025\/03\/Paragraf-metniniz-12-768x768.jpg 768w, https:\/\/kemalcotton.com.tr\/wp-content\/uploads\/2025\/03\/Paragraf-metniniz-12-860x860.jpg 860w, https:\/\/kemalcotton.com.tr\/wp-content\/uploads\/2025\/03\/Paragraf-metniniz-12-430x430.jpg 430w, https:\/\/kemalcotton.com.tr\/wp-content\/uploads\/2025\/03\/Paragraf-metniniz-12-700x700.jpg 700w\" sizes=\"(max-width: 1080px) 100vw, 1080px\" \/><\/figure><div class=\"elementor-image-box-content\"><h3 class=\"elementor-image-box-title\">Innovation und Innovativit\u00e4t<\/h3><p class=\"elementor-image-box-description\">Wir sind auf der Suche nach kontinuierlicher Entwicklung und innovativen L\u00f6sungen. Wir optimieren unsere Gesch\u00e4ftsprozesse mit neuen Technologien und Handelsmethoden und bieten unseren Kunden effizientere und zeitgem\u00e4\u00dfe Dienstleistungen, indem wir den neuesten Trends in der Branche folgen. Innovation verschafft uns nicht nur einen Wettbewerbsvorteil in der Branche, sondern erm\u00f6glicht es uns auch, umweltfreundlichere und effektivere L\u00f6sungen zu entwickeln.<\/p><\/div><\/div>\t\t\t\t<\/div>\n\t\t\t\t<\/div>\n\t\t\t\t<\/div>\n\t\t\t\t<\/div>\n\t\t\t\t\t<\/div>\n\t\t\t\t<\/div>\n\t\t\t\t<\/div>","protected":false},"excerpt":{"rendered":"<p>S\u00fcrd\u00fcr\u00fclebilirlik S\u00fcrd\u00fcr\u00fclebilir bir gelecek i\u00e7in \u00e7evreye duyarl\u0131 \u00fcretim ve ticaret anlay\u0131\u015f\u0131n\u0131 benimsiyoruz. Pamuk ve pamuk telefi ticaretinde s\u0131f\u0131r at\u0131k ve<\/p>","protected":false},"author":3,"featured_media":0,"parent":0,"menu_order":0,"comment_status":"closed","ping_status":"closed","template":"","meta":{"footnotes":""},"class_list":["post-15912","page","type-page","status-publish","hentry"],"_links":{"self":[{"href":"https:\/\/kemalcotton.com.tr\/de\/wp-json\/wp\/v2\/pages\/15912","targetHints":{"allow":["GET"]}}],"collection":[{"href":"https:\/\/kemalcotton.com.tr\/de\/wp-json\/wp\/v2\/pages"}],"about":[{"href":"https:\/\/kemalcotton.com.tr\/de\/wp-json\/wp\/v2\/types\/page"}],"author":[{"embeddable":true,"href":"https:\/\/kemalcotton.com.tr\/de\/wp-json\/wp\/v2\/users\/3"}],"replies":[{"embeddable":true,"href":"https:\/\/kemalcotton.com.tr\/de\/wp-json\/wp\/v2\/comments?post=15912"}],"version-history":[{"count":5,"href":"https:\/\/kemalcotton.com.tr\/de\/wp-json\/wp\/v2\/pages\/15912\/revisions"}],"predecessor-version":[{"id":15919,"href":"https:\/\/kemalcotton.com.tr\/de\/wp-json\/wp\/v2\/pages\/15912\/revisions\/15919"}],"wp:attachment":[{"href":"https:\/\/kemalcotton.com.tr\/de\/wp-json\/wp\/v2\/media?parent=15912"}],"curies":[{"name":"wp","href":"https:\/\/api.w.org\/{rel}","templated":true}]}}